{"id":8185,"date":"2022-07-03T23:18:31","date_gmt":"2022-07-03T23:18:31","guid":{"rendered":"https:\/\/dgpanama.net\/?page_id=8185"},"modified":"2026-02-04T19:21:04","modified_gmt":"2026-02-04T19:21:04","slug":"aviso-legal-y-condiciones-de-uso-2","status":"publish","type":"page","link":"https:\/\/www.popularbank.com.pa\/?page_id=8185","title":{"rendered":"Aviso legal y condiciones de uso"},"content":{"rendered":"\t\t<div data-elementor-type=\"wp-page\" data-elementor-id=\"8185\" class=\"elementor elementor-8185\">\n\t\t\t\t\t\t\t\t\t<section class=\"elementor-section elementor-top-section elementor-element elementor-element-e8df5e5 elementor-section-full_width elementor-section-height-min-height elementor-section-height-default elementor-section-items-middle\" data-id=\"e8df5e5\" data-element_type=\"section\" data-settings=\"{&quot;background_background&quot;:&quot;classic&quot;}\">\n\t\t\t\t\t\t<div class=\"elementor-container elementor-column-gap-no\">\n\t\t\t\t\t<div class=\"elementor-column elementor-col-100 elementor-top-column elementor-element elementor-element-ace9cdb\" data-id=\"ace9cdb\" data-element_type=\"column\">\n\t\t\t<div class=\"elementor-widget-wrap elementor-element-populated\">\n\t\t\t\t\t\t\t\t<div class=\"elementor-element elementor-element-60c21ea elementor-widget elementor-widget-heading\" data-id=\"60c21ea\" data-element_type=\"widget\" data-widget_type=\"heading.default\">\n\t\t\t\t<div class=\"elementor-widget-container\">\n\t\t\t<style>\/*! elementor - v3.17.0 - 08-11-2023 *\/\n.elementor-heading-title{padding:0;margin:0;line-height:1}.elementor-widget-heading .elementor-heading-title[class*=elementor-size-]>a{color:inherit;font-size:inherit;line-height:inherit}.elementor-widget-heading .elementor-heading-title.elementor-size-small{font-size:15px}.elementor-widget-heading .elementor-heading-title.elementor-size-medium{font-size:19px}.elementor-widget-heading .elementor-heading-title.elementor-size-large{font-size:29px}.elementor-widget-heading .elementor-heading-title.elementor-size-xl{font-size:39px}.elementor-widget-heading .elementor-heading-title.elementor-size-xxl{font-size:59px}<\/style><h2 class=\"elementor-heading-title elementor-size-default\">Aviso legal y condiciones de uso<\/h2>\t\t<\/div>\n\t\t\t\t<\/div>\n\t\t\t\t<div class=\"elementor-element elementor-element-3f34957 elementor-widget elementor-widget-heading\" data-id=\"3f34957\" data-element_type=\"widget\" data-widget_type=\"heading.default\">\n\t\t\t\t<div class=\"elementor-widget-container\">\n\t\t\t<h6 class=\"elementor-heading-title elementor-size-default\">\u00daltima actualizaci\u00f3n: JULIO 2022<\/h6>\t\t<\/div>\n\t\t\t\t<\/div>\n\t\t\t\t\t<\/div>\n\t\t<\/div>\n\t\t\t\t\t\t\t<\/div>\n\t\t<\/section>\n\t\t\t\t<section class=\"elementor-section elementor-top-section elementor-element elementor-element-138e71b6 elementor-section-boxed elementor-section-height-default elementor-section-height-default\" data-id=\"138e71b6\" data-element_type=\"section\">\n\t\t\t\t\t\t<div class=\"elementor-container elementor-column-gap-default\">\n\t\t\t\t\t<div class=\"elementor-column elementor-col-100 elementor-top-column elementor-element elementor-element-4b1fd8b0\" data-id=\"4b1fd8b0\" data-element_type=\"column\">\n\t\t\t<div class=\"elementor-widget-wrap elementor-element-populated\">\n\t\t\t\t\t\t\t\t<div class=\"elementor-element elementor-element-2a7c342b elementor-widget elementor-widget-text-editor\" data-id=\"2a7c342b\" data-element_type=\"widget\" data-widget_type=\"text-editor.default\">\n\t\t\t\t<div class=\"elementor-widget-container\">\n\t\t\t<style>\/*! elementor - v3.17.0 - 08-11-2023 *\/\n.elementor-widget-text-editor.elementor-drop-cap-view-stacked .elementor-drop-cap{background-color:#69727d;color:#fff}.elementor-widget-text-editor.elementor-drop-cap-view-framed .elementor-drop-cap{color:#69727d;border:3px solid;background-color:transparent}.elementor-widget-text-editor:not(.elementor-drop-cap-view-default) .elementor-drop-cap{margin-top:8px}.elementor-widget-text-editor:not(.elementor-drop-cap-view-default) .elementor-drop-cap-letter{width:1em;height:1em}.elementor-widget-text-editor .elementor-drop-cap{float:left;text-align:center;line-height:1;font-size:50px}.elementor-widget-text-editor .elementor-drop-cap-letter{display:inline-block}<\/style>\t\t\t\t<p>POPULAR BANK LTD Inc., tiene presente la importancia que revierte para sus usuarios el trato y uso que hacemos de la informaci\u00f3n personal y el modo en que esta pudiera ser utilizada. Este aviso hace de su conocimiento la pol\u00edtica de privacidad de POPULAR BANK. LTD Inc., al visitar <span><a href=\"https:\/\/www.popularbank.com.pa\/Portal\/Default.aspx\">https:\/\/www.popularbank.com.pa<\/a><\/span>, raz\u00f3n por la que usted acepta y consiente las pr\u00e1cticas descritas en el presente Aviso de Privacidad. Este aviso sobre privacidad pude ser modificado en cualquier momento, publicando los t\u00e9rminos modificados en este sitio, los cuales entran en vigencia a partir de su publicaci\u00f3n, motivo por el cual te invitamos a revisarlo peri\u00f3dicamente.<\/p><p><strong>MARCO LEGAL.<\/strong><\/p><p>Nos apegamos al marco legal establecido en la Ley 81 del 26 de marzo de 2019 que tiene como objetivo la protecci\u00f3n integral de los datos personales, dicha ley establece los principios, derechos, obligaciones y procedimientos que regulan la protecci\u00f3n de datos, considerando su interrelaci\u00f3n con la vida privada y dem\u00e1s derechos libertades fundamentales de los ciudadanos. Se conservar\u00e1n los datos personales el tiempo que sea necesario y pertinente en nuestras operaciones. Adem\u00e1s, podemos conservar datos personales de cuentas cerradas para cumplir con la legislaci\u00f3n nacional, evitar fraude, recaudar tasas debidas, resolver reclamaciones, solucionar problemas, ayudar a posibles investigaciones, hacer cumplir nuestras condiciones de uso y llevar a cabo otras acciones permitidas o exigidas por la legislaci\u00f3n nacional aplicable. Cuando ya no sea necesario que conservemos tus datos personales. Los eliminaremos de forma segura.<\/p><p>Tambi\u00e9n POPULAR BANK LTD Inc., estaremos cumpliendo con el Acuerdo No.01-2022 (24 de febrero de 2022), que establece los lineamientos especiales para la protecci\u00f3n de datos personales tratados por Entidades Bancarias y adicional a lo anterior estaremos respetando los lineamientos del Decreto Ejecutivo 285 de fecha 28 de mayo de 2021, mediante el cual se reglamenta la Ley 81 de 2019 sobre Protecci\u00f3n de Datos Personales.<\/p><p><strong>RESPONSABILIDADES DEL USUARIO.<\/strong><\/p><p>Usted acepta que todos los acuerdos, notificaciones, revelaciones y otras comunicaciones que le proporcionamos electr\u00f3nicamente satisfacen cualquier requisito legal de que dichas comunicaciones tienen igual valor probatorio que las que sean por escrito, conforme la Ley 51 de fecha 22 de julio de 2008, que define y regula los documentos electr\u00f3nicos, las firmas electr\u00f3nicas y la prestaci\u00f3n de servicios de almacenamiento tecnol\u00f3gico de documentos y de certificaci\u00f3n de firmas electr\u00f3nicas y adopta otras disposiciones para el desarrollo del comercio electr\u00f3nico.<\/p><p>POPULAR BANK LTD Inc., no garantiza que los servicios, la informaci\u00f3n, el contenido, los materiales, los productos (incluyendo software) est\u00e9n libre de virus o ataques inform\u00e1ticos. POPULAR BANK LTD Inc., no es responsable de cualquier da\u00f1o directo o indirecto que puede sufrir por el uso de la APP. Cualquier reclamo o disputa por el uso de esta APP ser\u00e1 dirimido por la v\u00eda del derecho com\u00fan.<\/p><p>Usted es responsable de mantener la confidencialidad de su cuenta y contrase\u00f1a y de restringir el acceso a su dispositivo electr\u00f3nico, y acepta la responsabilidad de todas las actividades que se produzcan en su cuenta o contrase\u00f1a.<\/p><p><strong>INFORMACIONES PRESENTADAS.<\/strong><\/p><p>POPULAR BANK LTD Inc., obtiene y presenta informaci\u00f3n en la web de fuentes consideradas como fiables, tomando medidas razonables para asegurarse de que la informaci\u00f3n presentada sea correcta; no obstante, no garantiza que sea inequ\u00edvoca, completa o actual, por lo cual se excluye de responsabilidad a POPULAR BANK LTD Inc., por error u omisi\u00f3n en la informaci\u00f3n contenida en las p\u00e1ginas de esta web. La informaci\u00f3n puede ser actualizada, sin necesidad de previo aviso. Ni POPULAR BANK LTD Inc., ni sus oficinas, y\/o administradores, empleados y personal autorizado ser\u00e1n responsables de cualquier tipo de perjuicio, p\u00e9rdidas, reclamaciones o gastos de ning\u00fan tipo, tanto si proceden como si no del uso de la web, de la informaci\u00f3n adquirida o accedida por o a trav\u00e9s de \u00e9sta, de virus inform\u00e1ticos, de fallos operativos o de interrupciones en el servicio o transmisi\u00f3n, o fallos en la l\u00ednea; el uso de la web, tanto por conexi\u00f3n directa como por v\u00ednculo u otro medio, constituye un aviso a cualquier usuario de que estas posibilidades pueden ocurrir.<\/p><p>Es prohibido transmitir o enviar a trav\u00e9s de la web cualquier contenido ilegal o il\u00edcito, virus inform\u00e1ticos, o mensajes que, en general, afecten o violen derechos de POPULAR BANK LTD Inc., o de terceros.<\/p><p>No tenemos responsabilidad sobre las webs no propias a las que se puede acceder mediante v\u00ednculos (&#8220;links&#8221;) o de cualquier contenido puesto a disposici\u00f3n por terceros. Su uso es realizado por voluntad y riesgo exclusivo de cada usuario.<\/p><p>Esta web no proporciona ning\u00fan tipo de sugerencia de inversi\u00f3n, ni asesoramiento financiero, ni de otra clase, la informaci\u00f3n no debe ser tomada como base para realizar inversiones o tomar decisiones. La informaci\u00f3n contenida en esta web se publica para su uso general, no tiene en cuenta objetivos espec\u00edficos de inversi\u00f3n, situaci\u00f3n financiera o necesidades particulares de cualquier persona. Los contenidos de esta web tienen \u00fanicamente finalidad informativa.<\/p><p><strong>PROPIEDAD INDUSTRIAL E INTELECTUAL.<\/strong><\/p><p>Este sitio web es propiedad de POPULAR BANK LTD Inc. Los derechos de Propiedad Intelectual y derechos de explotaci\u00f3n y reproducci\u00f3n de esta web, de sus p\u00e1ginas, pantallas, la informaci\u00f3n que contienen, su apariencia y dise\u00f1o, as\u00ed como los v\u00ednculos (&#8220;<em>hyperlinks<\/em>&#8220;) que se establezcan desde ella a otras p\u00e1ginas web de cualquier sociedad perteneciente a POPULAR BANK LTD Inc., son propiedad exclusiva de este, salvo que se especifique otra cosa. Todas las denominaciones, dise\u00f1os y\/o logotipos que componen esta p\u00e1gina son marcas debidamente registradas. Cualquier uso indebido de las mismas por persona diferente de su leg\u00edtimo titular podr\u00e1 ser perseguido de conformidad con la legislaci\u00f3n vigente. Queda prohibido reproducir, transmitir, modificar o suprimir la informaci\u00f3n, contenido u advertencias de esta web sin la previa autorizaci\u00f3n escrita de POPULAR BANK LTD Inc.<\/p><p><strong>LEGISLACI\u00d3N APLICABLE<\/strong><\/p><p>Las presentes condiciones se regir\u00e1n por la legislaci\u00f3n de la Rep\u00fablica de Panam\u00e1.<\/p><p>Para consultas puedes contactarnos en <span><a href=\"mailto:contactenos@popularbank.com.pa\"><strong>contactenos@popularbank.com.pa<\/strong><\/a><\/span><\/p><p><strong>\u00a0<\/strong><\/p>\t\t\t\t\t\t<\/div>\n\t\t\t\t<\/div>\n\t\t\t\t\t<\/div>\n\t\t<\/div>\n\t\t\t\t\t\t\t<\/div>\n\t\t<\/section>\n\t\t\t\t<section class=\"elementor-section elementor-top-section elementor-element elementor-element-608faad elementor-section-boxed elementor-section-height-default elementor-section-height-default\" data-id=\"608faad\" data-element_type=\"section\" data-settings=\"{&quot;background_background&quot;:&quot;classic&quot;}\">\n\t\t\t\t\t\t<div class=\"elementor-container elementor-column-gap-default\">\n\t\t\t\t\t<div class=\"elementor-column elementor-col-33 elementor-top-column elementor-element elementor-element-0bb3ba4\" data-id=\"0bb3ba4\" data-element_type=\"column\">\n\t\t\t<div class=\"elementor-widget-wrap elementor-element-populated\">\n\t\t\t\t\t\t\t\t<div class=\"elementor-element elementor-element-827ecfd elementor-widget elementor-widget-text-editor\" data-id=\"827ecfd\" data-element_type=\"widget\" data-widget_type=\"text-editor.default\">\n\t\t\t\t<div class=\"elementor-widget-container\">\n\t\t\t\t\t\t\t<p>Sobre Nosotros<\/p>\t\t\t\t\t\t<\/div>\n\t\t\t\t<\/div>\n\t\t\t\t<div class=\"elementor-element elementor-element-b6846c7 elementor-widget elementor-widget-text-editor\" data-id=\"b6846c7\" data-element_type=\"widget\" data-widget_type=\"text-editor.default\">\n\t\t\t\t<div class=\"elementor-widget-container\">\n\t\t\t\t\t\t\t<p><strong>C\u00f3digo Swift:<\/strong> BPDOPAPA<\/p>\t\t\t\t\t\t<\/div>\n\t\t\t\t<\/div>\n\t\t\t\t<div class=\"elementor-element elementor-element-69223cb elementor-widget elementor-widget-text-editor\" data-id=\"69223cb\" data-element_type=\"widget\" data-widget_type=\"text-editor.default\">\n\t\t\t\t<div class=\"elementor-widget-container\">\n\t\t\t\t\t\t\t<p><strong>Direcci\u00f3n<\/strong>:<br \/>Ave. Aquilino de la Guardia Cl. 47E<br \/>Torre Banco General Piso # 20<br \/>Apartado Postal 0816-00265<br \/>Panam\u00e1, Rep. de Panam\u00e1<\/p><p>Tel\u00e9fono: (507)297-4100 <br \/>Rep\u00fablica de Panam\u00e1<\/p><p><strong>E.Mail:<\/strong><br \/><a href=\"mailto:contactenos@popularbank.com.pa\">contactenos@popularbank.com.pa<\/a><span>\u00a0<\/span><\/p>\t\t\t\t\t\t<\/div>\n\t\t\t\t<\/div>\n\t\t\t\t<div class=\"elementor-element elementor-element-2e7de3e elementor-widget elementor-widget-text-editor\" data-id=\"2e7de3e\" data-element_type=\"widget\" data-widget_type=\"text-editor.default\">\n\t\t\t\t<div class=\"elementor-widget-container\">\n\t\t\t\t\t\t\t<p><a href=\"https:\/\/www.superbancos.gob.pa\/\" target=\"_blank\" rel=\"noopener\"><img loading=\"lazy\" decoding=\"async\" src=\"https:\/\/www.popularbank.com.pa\/wp-content\/uploads\/2023\/06\/Pieza_graifica_lineal_Blanco_2.png\" alt=\"\" width=\"151\" height=\"150\" class=\"size-full wp-image-14151 aligncenter\" \/><\/a><\/p>\t\t\t\t\t\t<\/div>\n\t\t\t\t<\/div>\n\t\t\t\t\t<\/div>\n\t\t<\/div>\n\t\t\t\t<div class=\"elementor-column elementor-col-33 elementor-top-column elementor-element elementor-element-5feda63\" data-id=\"5feda63\" data-element_type=\"column\">\n\t\t\t<div class=\"elementor-widget-wrap elementor-element-populated\">\n\t\t\t\t\t\t\t\t<div class=\"elementor-element elementor-element-27b10ca elementor-widget elementor-widget-text-editor\" data-id=\"27b10ca\" data-element_type=\"widget\" data-widget_type=\"text-editor.default\">\n\t\t\t\t<div class=\"elementor-widget-container\">\n\t\t\t\t\t\t\t<p>Popular Bank<\/p>\t\t\t\t\t\t<\/div>\n\t\t\t\t<\/div>\n\t\t\t\t<div class=\"elementor-element elementor-element-09dab2e elementor-widget elementor-widget-text-editor\" data-id=\"09dab2e\" data-element_type=\"widget\" data-widget_type=\"text-editor.default\">\n\t\t\t\t<div class=\"elementor-widget-container\">\n\t\t\t\t\t\t\t<ul>\n \t<li><a href=\"?page_id=7569\">Publicaciones Institucionales<\/a><\/li>\n<\/ul>\t\t\t\t\t\t<\/div>\n\t\t\t\t<\/div>\n\t\t\t\t<div class=\"elementor-element elementor-element-5dd6f4e elementor-widget elementor-widget-text-editor\" data-id=\"5dd6f4e\" data-element_type=\"widget\" data-widget_type=\"text-editor.default\">\n\t\t\t\t<div class=\"elementor-widget-container\">\n\t\t\t\t\t\t\t<p>Entidades relacionadas<\/p><p><\/p>\t\t\t\t\t\t<\/div>\n\t\t\t\t<\/div>\n\t\t\t\t<div class=\"elementor-element elementor-element-55444e0 elementor-widget elementor-widget-text-editor\" data-id=\"55444e0\" data-element_type=\"widget\" data-widget_type=\"text-editor.default\">\n\t\t\t\t<div class=\"elementor-widget-container\">\n\t\t\t\t\t\t\t<ul id=\"menu-footer-menu-entidades\" class=\"menu\" style=\"color: #ffffff;\">\n \t<li id=\"menu-item-7352\" class=\"menu-item menu-item-type-custom menu-item-object-custom menu-item-7352\"><a href=\"https:\/\/www.grupopopular.com\/\" style=\"transition-property: all;\" target=\"_blank\" rel=\"noopener\">Grupo Popular<\/a><\/li>\n \t<li id=\"menu-item-7341\" class=\"menu-item menu-item-type-custom menu-item-object-custom menu-item-7341\"><a href=\"https:\/\/www.popularenlinea.com\/pyme\/Paginas\/Home.aspx\" style=\"transition-property: all;\" target=\"_blank\" rel=\"noopener\">Banco Popular Dominicano, S.A.<\/a><\/li>\n \t<li id=\"menu-item-7342\" class=\"menu-item menu-item-type-custom menu-item-object-custom menu-item-7342\"><a href=\"https:\/\/afppopular.com.do\/\" style=\"transition-property: all;\" target=\"_blank\" rel=\"noopener\">AFP Popular, S.A.<\/a><\/li>\n \t<li id=\"menu-item-7343\" class=\"menu-item menu-item-type-custom menu-item-object-custom menu-item-7343\"><a href=\"https:\/\/inversionespopular.com.do\/\" style=\"transition-property: all;\" target=\"_blank\" rel=\"noopener\">Inversiones Popular, S.A.<\/a><\/li>\n \t<li id=\"menu-item-7351\" class=\"menu-item menu-item-type-custom menu-item-object-custom menu-item-7351\"><a href=\"http:\/\/www.afipopular.com.do\/\" style=\"transition-property: all;\" target=\"_blank\" rel=\"noopener\">AFI Popular<\/a><\/li>\n \t<li id=\"menu-item-7344\" class=\"menu-item menu-item-type-custom menu-item-object-custom menu-item-7344\"><a href=\"https:\/\/www.fiduciariapopular.do\/app\/do\/frontpage.aspx\" style=\"transition-property: all;\" target=\"_blank\" rel=\"noopener\">Fiduciaria Popular, S.A.<\/a><\/li>\n \t<li id=\"menu-item-7347\" class=\"menu-item menu-item-type-custom menu-item-object-custom menu-item-has-children menu-item-7347\"><a href=\"https:\/\/www.azul.com.do\/Pages\/es\/default.aspx\" style=\"transition-property: all;\" target=\"_blank\" rel=\"noopener\">Servicios Digitales Popular, S.A.<\/a>\n<ul class=\"sub-menu\">\n \t<li id=\"menu-item-7350\" class=\"menu-item menu-item-type-custom menu-item-object-custom menu-item-7350\"><a href=\"http:\/\/www.avance.com.do\/\" style=\"transition-property: all;\" target=\"_blank\" rel=\"noopener\">AVANCE<\/a><\/li>\n<\/ul>\n<\/li>\n \t<li id=\"menu-item-7346\" class=\"menu-item menu-item-type-custom menu-item-object-custom menu-item-7346\"><a href=\"https:\/\/qik.com.do\/\" target=\"_blank\" rel=\"noopener\">Qik Banco Digital Dominicano<\/a><\/li>\n \t<li><a href=\"https:\/\/grupopopular.com\/Filiales\/Pages\/Infocentro.aspx\" target=\"_blank\" rel=\"noopener\">Infocentro Popular, S.A.<\/a><\/li>\n \t<li id=\"menu-item-7348\" class=\"menu-item menu-item-type-custom menu-item-object-custom menu-item-7348\"><a href=\"https:\/\/abre.com.do\/\" style=\"transition-property: all;\" target=\"_blank\" rel=\"noopener\">ABRE \u2013 Gesti\u00f3n de Bienes<\/a><\/li>\n \t<li id=\"menu-item-7349\" class=\"menu-item menu-item-type-custom menu-item-object-custom menu-item-7349\"><a href=\"http:\/\/fundacionpopular.org\/\" style=\"transition-property: all;\" target=\"_blank\" rel=\"noopener\">Fundaci\u00f3n Popular<\/a><\/li>\n \t<li id=\"menu-item-7349\" class=\"menu-item menu-item-type-custom menu-item-object-custom menu-item-7349\"><a href=\"https:\/\/gcs-international.com\/\" style=\"transition-property: all;\" target=\"_blank\" rel=\"noopener\">GCS International<\/a><\/li>\n<\/ul>\t\t\t\t\t\t<\/div>\n\t\t\t\t<\/div>\n\t\t\t\t\t<\/div>\n\t\t<\/div>\n\t\t\t\t<div class=\"elementor-column elementor-col-33 elementor-top-column elementor-element elementor-element-4cc6668\" data-id=\"4cc6668\" data-element_type=\"column\">\n\t\t\t<div class=\"elementor-widget-wrap elementor-element-populated\">\n\t\t\t\t\t\t\t\t<div class=\"elementor-element elementor-element-4d3984a elementor-widget elementor-widget-text-editor\" data-id=\"4d3984a\" data-element_type=\"widget\" data-widget_type=\"text-editor.default\">\n\t\t\t\t<div class=\"elementor-widget-container\">\n\t\t\t\t\t\t\t<p>Informaciones<\/p><p><\/p>\t\t\t\t\t\t<\/div>\n\t\t\t\t<\/div>\n\t\t\t\t<div class=\"elementor-element elementor-element-a367765 elementor-widget elementor-widget-text-editor\" data-id=\"a367765\" data-element_type=\"widget\" data-widget_type=\"text-editor.default\">\n\t\t\t\t<div class=\"elementor-widget-container\">\n\t\t\t\t\t\t\t<ul id=\"menu-footer-menu\" class=\"menu\"><li id=\"menu-item-5922\" class=\"menu-item menu-item-type-post_type menu-item-object-page menu-item-5922\"><a href=\"?page_id=5137\">Tarifario de Servicios<\/a><\/li><li id=\"menu-item-5930\" class=\"menu-item menu-item-type-post_type menu-item-object-page menu-item-5930\"><a href=\"?page_id=5154\">\u00a1Proteja sus datos!<\/a><\/li><li id=\"menu-item-5931\" class=\"menu-item menu-item-type-post_type menu-item-object-page menu-item-5931\"><a href=\"?page_id=5160\">D\u00edas de Fiesta Nacional en Panam\u00e1<\/a><\/li><li id=\"menu-item-5927\" class=\"menu-item menu-item-type-post_type menu-item-object-page menu-item-5927\"><a href=\"?page_id=5166\">FATCA<\/a><\/li><li><a href=\"?page_id=13297\">Common Reporting Standard<\/a><\/li><li><a href=\"?page_id=5171\">Tutoriales Banca Digital<\/a><\/li><li id=\"menu-item-7389\" class=\"menu-item menu-item-type-post_type menu-item-object-page menu-item-7389\"><a href=\"?page_id=5176\">Formularios<\/a><\/li><li id=\"menu-item-5925\" class=\"menu-item menu-item-type-post_type menu-item-object-page menu-item-5925\"><a href=\"?page_id=5185\">Gobierno Corporativo<\/a><\/li><li id=\"menu-item-5923\" class=\"menu-item menu-item-type-post_type menu-item-object-page menu-item-5923\"><a href=\"?page_id=4336\">Con\u00f3cenos<\/a><\/li><li id=\"menu-item-5971\" class=\"menu-item menu-item-type-post_type menu-item-object-page menu-item-5971\"><a href=\"?page_id=5965\">Preguntas Frecuentes<\/a><\/li><li id=\"menu-item-6883\" class=\"menu-item menu-item-type-post_type menu-item-object-page menu-item-6883\"><a href=\"?page_id=6095\">Reclamaciones<\/a><\/li><li id=\"menu-item-5971\" class=\"menu-item menu-item-type-post_type menu-item-object-page menu-item-5971\"><a href=\"https:\/\/www.popularbank.com.pa\/wp-content\/uploads\/2026\/02\/Contrato-de-Productos-y-Servicios-Bancarios-Persona-Natural.pdf\" target=\"_blank\" rel=\"noopener\">T\u00e9rminos y Condiciones de Productos y Servicios &#8211; Banca Personal<\/a><\/li><li id=\"menu-item-6883\" class=\"menu-item menu-item-type-post_type menu-item-object-page menu-item-6883\"><a href=\"https:\/\/www.popularbank.com.pa\/wp-content\/uploads\/2026\/02\/Contrato-de-Productos-y-Servicios-Bancarios-Persona-Juridica.pdf\" target=\"_blank\" rel=\"noopener\">T\u00e9rminos y Condiciones de Productos y Servicios &#8211; Banca Empresarial<\/a><\/li><\/ul>\t\t\t\t\t\t<\/div>\n\t\t\t\t<\/div>\n\t\t\t\t\t<\/div>\n\t\t<\/div>\n\t\t\t\t\t\t\t<\/div>\n\t\t<\/section>\n\t\t\t\t<section class=\"elementor-section elementor-top-section elementor-element elementor-element-9946d6f elementor-section-boxed elementor-section-height-default elementor-section-height-default\" data-id=\"9946d6f\" data-element_type=\"section\" data-settings=\"{&quot;background_background&quot;:&quot;classic&quot;}\">\n\t\t\t\t\t\t<div class=\"elementor-container elementor-column-gap-default\">\n\t\t\t\t\t<div class=\"elementor-column elementor-col-100 elementor-top-column elementor-element elementor-element-74853b1\" data-id=\"74853b1\" data-element_type=\"column\">\n\t\t\t<div class=\"elementor-widget-wrap elementor-element-populated\">\n\t\t\t\t\t\t\t\t<div class=\"elementor-element elementor-element-80dc7cd elementor-widget elementor-widget-text-editor\" data-id=\"80dc7cd\" data-element_type=\"widget\" data-widget_type=\"text-editor.default\">\n\t\t\t\t<div class=\"elementor-widget-container\">\n\t\t\t\t\t\t\t<p style=\"text-align: center;\"><a href=\"?page_id=8185\">Aviso legal y condiciones de uso<\/a> \u00a0 |\u00a0 \u00a0<a href=\"?page_id=5932\">Pol\u00edticas de Cookies<\/a>\u00a0 \u00a0|\u00a0 \u00a0<a href=\"?page_id=13531\">Aviso de Privacidad<\/a><\/p>\t\t\t\t\t\t<\/div>\n\t\t\t\t<\/div>\n\t\t\t\t\t<\/div>\n\t\t<\/div>\n\t\t\t\t\t\t\t<\/div>\n\t\t<\/section>\n\t\t\t\t<section class=\"elementor-section elementor-top-section elementor-element elementor-element-e45fde6 elementor-section-boxed elementor-section-height-default elementor-section-height-default\" data-id=\"e45fde6\" data-element_type=\"section\" data-settings=\"{&quot;background_background&quot;:&quot;classic&quot;}\">\n\t\t\t\t\t\t<div class=\"elementor-container elementor-column-gap-default\">\n\t\t\t\t\t<div class=\"elementor-column elementor-col-100 elementor-top-column elementor-element elementor-element-5915465\" data-id=\"5915465\" data-element_type=\"column\">\n\t\t\t<div class=\"elementor-widget-wrap elementor-element-populated\">\n\t\t\t\t\t\t\t\t<div class=\"elementor-element elementor-element-dd34df7 elementor-widget elementor-widget-heading\" data-id=\"dd34df7\" data-element_type=\"widget\" data-widget_type=\"heading.default\">\n\t\t\t\t<div class=\"elementor-widget-container\">\n\t\t\t<span class=\"elementor-heading-title elementor-size-default\">POPULAR BANK, LTD. PANAM\u00c1, REP\u00daBLICA DE PANAM\u00c1. | FILIAL DEL GRUPO POPULAR, S.A.<\/span>\t\t<\/div>\n\t\t\t\t<\/div>\n\t\t\t\t\t<\/div>\n\t\t<\/div>\n\t\t\t\t\t\t\t<\/div>\n\t\t<\/section>\n\t\t\t\t\t\t\t<\/div>\n\t\t","protected":false},"excerpt":{"rendered":"<p>Aviso legal y condiciones de uso \u00daltima actualizaci\u00f3n: JULIO 2022 POPULAR BANK LTD Inc., tiene presente la importancia que revierte para sus usuarios el trato y uso que hacemos de la informaci\u00f3n personal y el modo en que esta pudiera ser utilizada. Este aviso hace de su conocimiento la pol\u00edtica [&hellip;]<\/p>\n","protected":false},"author":1,"featured_media":0,"parent":0,"menu_order":0,"comment_status":"closed","ping_status":"closed","template":"page-templates\/template-pagebuilder-full-width.php","meta":{"footnotes":""},"class_list":["post-8185","page","type-page","status-publish","hentry"],"_links":{"self":[{"href":"https:\/\/www.popularbank.com.pa\/index.php?rest_route=\/wp\/v2\/pages\/8185","targetHints":{"allow":["GET"]}}],"collection":[{"href":"https:\/\/www.popularbank.com.pa\/index.php?rest_route=\/wp\/v2\/pages"}],"about":[{"href":"https:\/\/www.popularbank.com.pa\/index.php?rest_route=\/wp\/v2\/types\/page"}],"author":[{"embeddable":true,"href":"https:\/\/www.popularbank.com.pa\/index.php?rest_route=\/wp\/v2\/users\/1"}],"replies":[{"embeddable":true,"href":"https:\/\/www.popularbank.com.pa\/index.php?rest_route=%2Fwp%2Fv2%2Fcomments&post=8185"}],"version-history":[{"count":55,"href":"https:\/\/www.popularbank.com.pa\/index.php?rest_route=\/wp\/v2\/pages\/8185\/revisions"}],"predecessor-version":[{"id":19289,"href":"https:\/\/www.popularbank.com.pa\/index.php?rest_route=\/wp\/v2\/pages\/8185\/revisions\/19289"}],"wp:attachment":[{"href":"https:\/\/www.popularbank.com.pa\/index.php?rest_route=%2Fwp%2Fv2%2Fmedia&parent=8185"}],"curies":[{"name":"wp","href":"https:\/\/api.w.org\/{rel}","templated":true}]}}