{"id":5965,"date":"2022-06-03T01:33:11","date_gmt":"2022-06-03T01:33:11","guid":{"rendered":"https:\/\/dgpanama.net\/?page_id=5965"},"modified":"2026-02-04T19:48:28","modified_gmt":"2026-02-04T19:48:28","slug":"preguntas-frecuentes","status":"publish","type":"page","link":"https:\/\/www.popularbank.com.pa\/?page_id=5965","title":{"rendered":"Preguntas Frecuentes"},"content":{"rendered":"\t\t<div data-elementor-type=\"wp-page\" data-elementor-id=\"5965\" class=\"elementor elementor-5965\">\n\t\t\t\t\t\t\t\t\t<section class=\"elementor-section elementor-top-section elementor-element elementor-element-3435573 elementor-section-full_width elementor-section-height-min-height elementor-section-height-default elementor-section-items-middle\" data-id=\"3435573\" data-element_type=\"section\" data-settings=\"{&quot;background_background&quot;:&quot;classic&quot;}\">\n\t\t\t\t\t\t<div class=\"elementor-container elementor-column-gap-no\">\n\t\t\t\t\t<div class=\"elementor-column elementor-col-100 elementor-top-column elementor-element elementor-element-9a577bc\" data-id=\"9a577bc\" data-element_type=\"column\">\n\t\t\t<div class=\"elementor-widget-wrap elementor-element-populated\">\n\t\t\t\t\t\t\t\t<div class=\"elementor-element elementor-element-00c2db5 elementor-widget elementor-widget-heading\" data-id=\"00c2db5\" data-element_type=\"widget\" data-widget_type=\"heading.default\">\n\t\t\t\t<div class=\"elementor-widget-container\">\n\t\t\t<style>\/*! elementor - v3.17.0 - 08-11-2023 *\/\n.elementor-heading-title{padding:0;margin:0;line-height:1}.elementor-widget-heading .elementor-heading-title[class*=elementor-size-]>a{color:inherit;font-size:inherit;line-height:inherit}.elementor-widget-heading .elementor-heading-title.elementor-size-small{font-size:15px}.elementor-widget-heading .elementor-heading-title.elementor-size-medium{font-size:19px}.elementor-widget-heading .elementor-heading-title.elementor-size-large{font-size:29px}.elementor-widget-heading .elementor-heading-title.elementor-size-xl{font-size:39px}.elementor-widget-heading .elementor-heading-title.elementor-size-xxl{font-size:59px}<\/style><h2 class=\"elementor-heading-title elementor-size-default\">CON\u00d3CENOS<\/h2>\t\t<\/div>\n\t\t\t\t<\/div>\n\t\t\t\t\t<\/div>\n\t\t<\/div>\n\t\t\t\t\t\t\t<\/div>\n\t\t<\/section>\n\t\t\t\t<section class=\"elementor-section elementor-top-section elementor-element elementor-element-138e71b6 elementor-section-boxed elementor-section-height-default elementor-section-height-default\" data-id=\"138e71b6\" data-element_type=\"section\">\n\t\t\t\t\t\t<div class=\"elementor-container elementor-column-gap-default\">\n\t\t\t\t\t<div class=\"elementor-column elementor-col-100 elementor-top-column elementor-element elementor-element-4b1fd8b0\" data-id=\"4b1fd8b0\" data-element_type=\"column\">\n\t\t\t<div class=\"elementor-widget-wrap elementor-element-populated\">\n\t\t\t\t\t\t\t\t<div class=\"elementor-element elementor-element-b085844 elementor-widget elementor-widget-heading\" data-id=\"b085844\" data-element_type=\"widget\" data-widget_type=\"heading.default\">\n\t\t\t\t<div class=\"elementor-widget-container\">\n\t\t\t<h2 class=\"elementor-heading-title elementor-size-default\">Preguntas Frecuentes<\/h2>\t\t<\/div>\n\t\t\t\t<\/div>\n\t\t\t\t<div class=\"elementor-element elementor-element-2a7c342b elementor-widget elementor-widget-text-editor\" data-id=\"2a7c342b\" data-element_type=\"widget\" data-widget_type=\"text-editor.default\">\n\t\t\t\t<div class=\"elementor-widget-container\">\n\t\t\t<style>\/*! elementor - v3.17.0 - 08-11-2023 *\/\n.elementor-widget-text-editor.elementor-drop-cap-view-stacked .elementor-drop-cap{background-color:#69727d;color:#fff}.elementor-widget-text-editor.elementor-drop-cap-view-framed .elementor-drop-cap{color:#69727d;border:3px solid;background-color:transparent}.elementor-widget-text-editor:not(.elementor-drop-cap-view-default) .elementor-drop-cap{margin-top:8px}.elementor-widget-text-editor:not(.elementor-drop-cap-view-default) .elementor-drop-cap-letter{width:1em;height:1em}.elementor-widget-text-editor .elementor-drop-cap{float:left;text-align:center;line-height:1;font-size:50px}.elementor-widget-text-editor .elementor-drop-cap-letter{display:inline-block}<\/style>\t\t\t\t<p style=\"font-weight: 400;\"><span>Entre en contacto con nosotros y perm\u00edtanos dar respuestas eficientes a todos tus requerimientos<br \/>y necesidades.<\/span><\/p><p style=\"font-weight: 400;\"><span>\u00bfQui\u00e9nes son elegibles para ser clientes de Popular Bank?<\/span><\/p><p style=\"font-weight: 400;\"><span>Toda Persona Natural o Jur\u00eddica que no declare impuestos en la Rep\u00fablica de Panam\u00e1.<\/span><\/p><p style=\"font-weight: 400;\"><strong><em><span>Cuenta Corriente<\/span><\/em><\/strong><\/p><ol><li style=\"font-weight: 400;\"><strong>\u00a0\u00bfCu\u00e1l es el monto m\u00ednimo para abrir una cuenta corriente?<\/strong><span><br \/>El monto m\u00ednimo para abrir una cuenta corriente para Persona Natural es de US$3,000.00<br \/>y para empresas es de US$4,000.00.<\/span><br \/><br \/><\/li><li style=\"font-weight: 400;\"><span><strong>\u00bfPuedo girar cheques por medio de mi Cuenta Corriente?<\/strong><br \/><\/span><span>No, solamente puede girar fondos mediante transferencias u \u00f3rdenes de pago de Cheques de Administraci\u00f3n<br \/><br \/><\/span><\/li><li style=\"font-weight: 400;\"><span><strong>\u00bfDevenga inter\u00e9s mi cuenta corriente?<\/strong><br \/><\/span><span>Si, manteniendo un saldo promedio disponible mensual acorde a lo indicado en el tarifario de servicio vigente<br \/>de servicios vigente.<br \/>La tasa de inter\u00e9s es revisada peri\u00f3dicamente.<br \/><br \/><\/span><\/li><li style=\"font-weight: 400;\"><strong>\u00bfCu\u00e1l es el saldo promedio m\u00ednimo para que mi cuenta no genere Cargo por Servicio?<\/strong><span><br \/>Debe mantener un saldo promedio mensual de US$2,000.00 para cuentas personales<br \/>y US$3,000.00 para cuenta empresarial.<br \/><br \/><\/span><\/li><li style=\"font-weight: 400;\"><span><\/span><strong>\u00bfCu\u00e1ndo se considera una cuenta inactiva?<\/strong><span><br \/>Para que una cuenta se considere inactiva, deben haber transcurrido 6 (seis) meses desde la<br \/>\u00faltima transacci\u00f3n, ya sea d\u00e9bito o cr\u00e9dito generada por los titulares o por un tercero.<br \/>A partir de este momento, se le cobrar\u00e1 un Cargo por Servicio mensual hasta que se<br \/>revierta la condici\u00f3n de inactiva.<\/span><\/li><\/ol><p style=\"font-weight: 400;\"><strong><em><span>Cuentas de Ahorros<\/span><\/em><\/strong><\/p><ol><li style=\"font-weight: 400;\"><strong>\u00bfCu\u00e1l es el monto m\u00ednimo para abrir un cuenta de ahorros?<\/strong><br \/><span><\/span>El monto m\u00ednimo para abrir una cuenta de ahorros para Persona Natural es de US$500.00 y<br \/><span><\/span>para empresas es de US$1,000.00.<br \/><br \/><\/li><li style=\"font-weight: 400;\"><strong>\u00bfPuedo solicitar \u00d3rdenes de Pago por medio de Cheques de Administraci\u00f3n desde mi Cuenta Ahorros?<\/strong><br \/><span><\/span>No, solamente mediante transferencias internas o internacionales.<br \/><br \/><\/li><li style=\"font-weight: 400;\"><strong>\u00bfDevenga inter\u00e9s mi Cuenta de Ahorros?<\/strong><br \/><span><\/span>S\u00ed, manteniendo un saldo promedio disponible mensual igual o mayor a US$100.00<br \/><span><\/span>La tasa de inter\u00e9s es revisada peri\u00f3dicamente.<br \/><br \/><\/li><li style=\"font-weight: 400;\"><strong>\u00bfCu\u00e1l es el saldo promedio m\u00ednimo para que mi Cuenta de Ahorros no genere Cargo por Servicio?<\/strong><br \/><span><\/span>Debe mantener un saldo promedio mensual de US$100.00.<br \/><br \/><\/li><li style=\"font-weight: 400;\"><strong>\u00bfCu\u00e1ndo se considera una cuenta inactiva?<\/strong><br \/><span><\/span>Para que una cuenta de ahorros se considere inactiva, deben haber transcurrido 6 (seis) meses<br \/><span><\/span>desde la \u00faltima transacci\u00f3n,<span>\u00a0<\/span>ya sea d\u00e9bito o cr\u00e9dito ordenada por los titulares o por un tercero.<br \/>A partir de este momento, se le cobrar\u00e1 un Cargo por Servicio mensual hasta que se revierta la condici\u00f3n de inactiva.<\/li><\/ol><p style=\"font-weight: 400;\"><strong><em><span>Certificados de Dep\u00f3sito<\/span><\/em><\/strong><\/p><ol><li style=\"font-weight: 400;\"><span><\/span><span><strong>\u00bfCu\u00e1l es el monto m\u00ednimo para abrir un Dep\u00f3sito a Plazo Fijo?<\/strong><br \/><\/span><span>El monto m\u00ednimo para abrir un Dep\u00f3sito a Plazo Fijo es de US$10,000.00.<\/span><\/li><\/ol><p style=\"font-weight: 400;\"><strong><em><span>Transferencias Internacionales<\/span><\/em><\/strong><\/p><ol><li style=\"font-weight: 400;\"><span><\/span><span><strong>\u00bfQu\u00e9 informaci\u00f3n debo suministrar para recibir una transferencia internacional?<\/strong><br \/><\/span><span>Usted podr\u00eda canalizar la recepci\u00f3n de sus transferencias internacionales a trav\u00e9s de los siguientes corresponsales.<\/span><span><br \/><\/span><\/li><\/ol><table width=\"57%\" style=\"font-weight: 400;\" border=\"1\"><tbody><tr><td>J.P. Morgan<\/td><td>Wachovia<\/td><td>Citibank<\/td><td>Bank of New York<\/td><td>Bank of America<\/td><\/tr><\/tbody><\/table><p><\/p><ol start=\"2\"><li style=\"font-weight: 400;\"><span><\/span><span><strong>\u00bfQu\u00e9 requisitos necesito completar para enviar una transferencia internacional?<\/strong><br \/><\/span><span>&#8211;\u00a0\u00a0\u00a0\u00a0\u00a0\u00a0\u00a0<\/span><span>Banco intermediario (si lo conoce)<\/span><span><br \/>&#8211;\u00a0\u00a0\u00a0\u00a0\u00a0\u00a0\u00a0<\/span><span>Nombre y direcci\u00f3n completa y c\u00f3digo SWIFT del banco intermediario (si lo conoce)<\/span><span><br \/>&#8211;\u00a0\u00a0\u00a0\u00a0\u00a0\u00a0\u00a0<\/span><span>Banco del Beneficiario.<\/span><span><br \/>&#8211;\u00a0\u00a0\u00a0\u00a0\u00a0\u00a0\u00a0<\/span><span>Nombre, direcci\u00f3n completa y c\u00f3digo SWIFT del banco del beneficiario.<\/span><span><br \/>&#8211;\u00a0\u00a0\u00a0\u00a0\u00a0\u00a0\u00a0<\/span><span>N\u00famero de cuenta del Beneficiario.<\/span><span><br \/>&#8211;\u00a0\u00a0\u00a0\u00a0\u00a0\u00a0\u00a0<\/span><span>Nombre completo y direcci\u00f3n del Beneficiario.<\/span><span><br \/>&#8211;\u00a0\u00a0\u00a0\u00a0\u00a0\u00a0\u00a0<\/span><span>Detalles del pago e informaci\u00f3n complementaria del pago a realizar, si as\u00ed lo amerita.<br \/><br \/><\/span><\/li><li style=\"font-weight: 400;\"><span><\/span><strong>\u00bfCu\u00e1l es el costo de las transferencias internacionales?<\/strong><span><br \/>Para conocer el detalle de los costos por transferencias internacionales favor remitirse a nuestro\u00a0<a href=\"https:\/\/dgpanama.net\/?page_id=5137\">tarifario de servicios<\/a>.<\/span><\/li><\/ol><p style=\"font-weight: 400;\"><span>En las transferencias internacionales el banco intermediario y\/o banco beneficiario pueden realizar deducciones al monto original de la transacci\u00f3n, por concepto del cobro de comisiones y gastos de servicios.<\/span><\/p><ol start=\"4\"><li style=\"font-weight: 400;\"><span><\/span><span><strong>\u00bfPuedo realizar transferencias en otras monedas?<\/strong><br \/><\/span><span>S\u00ed, el Banco puede enviar transferencias internacionales en otras monedas, las cuales est\u00e1n sujetas a las tasas de cambio del mercado, sin embargo, las transferencias recibidas a su cuenta corriente deben ser en la moneda en que est\u00e1 abierta dicha cuenta.<\/span><\/li><\/ol>\t\t\t\t\t\t<\/div>\n\t\t\t\t<\/div>\n\t\t\t\t\t<\/div>\n\t\t<\/div>\n\t\t\t\t\t\t\t<\/div>\n\t\t<\/section>\n\t\t\t\t<section class=\"elementor-section elementor-top-section elementor-element elementor-element-4283335 elementor-section-boxed elementor-section-height-default elementor-section-height-default\" data-id=\"4283335\" data-element_type=\"section\" data-settings=\"{&quot;background_background&quot;:&quot;classic&quot;}\">\n\t\t\t\t\t\t<div class=\"elementor-container elementor-column-gap-default\">\n\t\t\t\t\t<div class=\"elementor-column elementor-col-33 elementor-top-column elementor-element elementor-element-9e4704e\" data-id=\"9e4704e\" data-element_type=\"column\">\n\t\t\t<div class=\"elementor-widget-wrap elementor-element-populated\">\n\t\t\t\t\t\t\t\t<div class=\"elementor-element elementor-element-db4e0c0 elementor-widget elementor-widget-text-editor\" data-id=\"db4e0c0\" data-element_type=\"widget\" data-widget_type=\"text-editor.default\">\n\t\t\t\t<div class=\"elementor-widget-container\">\n\t\t\t\t\t\t\t<p>Sobre Nosotros<\/p>\t\t\t\t\t\t<\/div>\n\t\t\t\t<\/div>\n\t\t\t\t<div class=\"elementor-element elementor-element-86e0558 elementor-widget elementor-widget-text-editor\" data-id=\"86e0558\" data-element_type=\"widget\" data-widget_type=\"text-editor.default\">\n\t\t\t\t<div class=\"elementor-widget-container\">\n\t\t\t\t\t\t\t<p><strong>C\u00f3digo Swift:<\/strong> BPDOPAPA<\/p>\t\t\t\t\t\t<\/div>\n\t\t\t\t<\/div>\n\t\t\t\t<div class=\"elementor-element elementor-element-6210487 elementor-widget elementor-widget-text-editor\" data-id=\"6210487\" data-element_type=\"widget\" data-widget_type=\"text-editor.default\">\n\t\t\t\t<div class=\"elementor-widget-container\">\n\t\t\t\t\t\t\t<p><strong>Direcci\u00f3n<\/strong>:<br \/>Ave. Aquilino de la Guardia Cl. 47E<br \/>Torre Banco General Piso # 20<br \/>Apartado Postal 0816-00265<br \/>Panam\u00e1, Rep. de Panam\u00e1<\/p><p>Tel\u00e9fono: (507)297-4100 <br \/>Rep\u00fablica de Panam\u00e1<\/p><p><strong>E.Mail:<\/strong><br \/><a href=\"mailto:contactenos@popularbank.com.pa\">contactenos@popularbank.com.pa<\/a><span>\u00a0<\/span><\/p>\t\t\t\t\t\t<\/div>\n\t\t\t\t<\/div>\n\t\t\t\t<div class=\"elementor-element elementor-element-c347404 elementor-widget elementor-widget-text-editor\" data-id=\"c347404\" data-element_type=\"widget\" data-widget_type=\"text-editor.default\">\n\t\t\t\t<div class=\"elementor-widget-container\">\n\t\t\t\t\t\t\t<a href=\"https:\/\/www.superbancos.gob.pa\/\" target=\"_blank\" rel=\"noopener\"><img loading=\"lazy\" decoding=\"async\" src=\"https:\/\/www.popularbank.com.pa\/wp-content\/uploads\/2023\/06\/Pieza_graifica_lineal_Blanco_2.png\" alt=\"\" width=\"151\" height=\"150\" class=\"size-full wp-image-14151 aligncenter\" \/><\/a>\t\t\t\t\t\t<\/div>\n\t\t\t\t<\/div>\n\t\t\t\t\t<\/div>\n\t\t<\/div>\n\t\t\t\t<div class=\"elementor-column elementor-col-33 elementor-top-column elementor-element elementor-element-f6c78aa\" data-id=\"f6c78aa\" data-element_type=\"column\">\n\t\t\t<div class=\"elementor-widget-wrap elementor-element-populated\">\n\t\t\t\t\t\t\t\t<div class=\"elementor-element elementor-element-cae59bf elementor-widget elementor-widget-text-editor\" data-id=\"cae59bf\" data-element_type=\"widget\" data-widget_type=\"text-editor.default\">\n\t\t\t\t<div class=\"elementor-widget-container\">\n\t\t\t\t\t\t\t<p>Popular Bank<\/p>\t\t\t\t\t\t<\/div>\n\t\t\t\t<\/div>\n\t\t\t\t<div class=\"elementor-element elementor-element-83d0b97 elementor-widget elementor-widget-text-editor\" data-id=\"83d0b97\" data-element_type=\"widget\" data-widget_type=\"text-editor.default\">\n\t\t\t\t<div class=\"elementor-widget-container\">\n\t\t\t\t\t\t\t<ul>\n \t<li><a href=\"?page_id=7569\">Publicaciones Institucionales<\/a><\/li>\n<\/ul>\t\t\t\t\t\t<\/div>\n\t\t\t\t<\/div>\n\t\t\t\t<div class=\"elementor-element elementor-element-5f08222 elementor-widget elementor-widget-text-editor\" data-id=\"5f08222\" data-element_type=\"widget\" data-widget_type=\"text-editor.default\">\n\t\t\t\t<div class=\"elementor-widget-container\">\n\t\t\t\t\t\t\t<p>Entidades relacionadas<\/p><p><\/p>\t\t\t\t\t\t<\/div>\n\t\t\t\t<\/div>\n\t\t\t\t<div class=\"elementor-element elementor-element-63b2a97 elementor-widget elementor-widget-text-editor\" data-id=\"63b2a97\" data-element_type=\"widget\" data-widget_type=\"text-editor.default\">\n\t\t\t\t<div class=\"elementor-widget-container\">\n\t\t\t\t\t\t\t<ul id=\"menu-footer-menu-entidades\" class=\"menu\" style=\"color: #ffffff;\">\n \t<li id=\"menu-item-7352\" class=\"menu-item menu-item-type-custom menu-item-object-custom menu-item-7352\"><a href=\"https:\/\/www.grupopopular.com\/\" style=\"transition-property: all;\" target=\"_blank\" rel=\"noopener\">Grupo Popular<\/a><\/li>\n \t<li id=\"menu-item-7341\" class=\"menu-item menu-item-type-custom menu-item-object-custom menu-item-7341\"><a href=\"https:\/\/www.popularenlinea.com\/pyme\/Paginas\/Home.aspx\" style=\"transition-property: all;\" target=\"_blank\" rel=\"noopener\">Banco Popular Dominicano, S.A.<\/a><\/li>\n \t<li id=\"menu-item-7342\" class=\"menu-item menu-item-type-custom menu-item-object-custom menu-item-7342\"><a href=\"https:\/\/afppopular.com.do\/\" style=\"transition-property: all;\" target=\"_blank\" rel=\"noopener\">AFP Popular, S.A.<\/a><\/li>\n \t<li id=\"menu-item-7343\" class=\"menu-item menu-item-type-custom menu-item-object-custom menu-item-7343\"><a href=\"https:\/\/inversionespopular.com.do\/\" style=\"transition-property: all;\" target=\"_blank\" rel=\"noopener\">Inversiones Popular, S.A.<\/a><\/li>\n \t<li id=\"menu-item-7351\" class=\"menu-item menu-item-type-custom menu-item-object-custom menu-item-7351\"><a href=\"http:\/\/www.afipopular.com.do\/\" style=\"transition-property: all;\" target=\"_blank\" rel=\"noopener\">AFI Popular<\/a><\/li>\n \t<li id=\"menu-item-7344\" class=\"menu-item menu-item-type-custom menu-item-object-custom menu-item-7344\"><a href=\"https:\/\/www.fiduciariapopular.do\/app\/do\/frontpage.aspx\" style=\"transition-property: all;\" target=\"_blank\" rel=\"noopener\">Fiduciaria Popular, S.A.<\/a><\/li>\n \t<li id=\"menu-item-7347\" class=\"menu-item menu-item-type-custom menu-item-object-custom menu-item-has-children menu-item-7347\"><a href=\"https:\/\/www.azul.com.do\/Pages\/es\/default.aspx\" style=\"transition-property: all;\" target=\"_blank\" rel=\"noopener\">Servicios Digitales Popular, S.A.<\/a>\n<ul class=\"sub-menu\">\n \t<li id=\"menu-item-7350\" class=\"menu-item menu-item-type-custom menu-item-object-custom menu-item-7350\"><a href=\"http:\/\/www.avance.com.do\/\" style=\"transition-property: all;\" target=\"_blank\" rel=\"noopener\">AVANCE<\/a><\/li>\n<\/ul>\n<\/li>\n \t<li id=\"menu-item-7346\" class=\"menu-item menu-item-type-custom menu-item-object-custom menu-item-7346\"><a href=\"https:\/\/qik.com.do\/\" target=\"_blank\" rel=\"noopener\">Qik Banco Digital Dominicano<\/a><\/li>\n \t<li><a href=\"https:\/\/grupopopular.com\/Filiales\/Pages\/Infocentro.aspx\" target=\"_blank\" rel=\"noopener\">Infocentro Popular, S.A.<\/a><\/li>\n \t<li id=\"menu-item-7348\" class=\"menu-item menu-item-type-custom menu-item-object-custom menu-item-7348\"><a href=\"https:\/\/abre.com.do\/\" style=\"transition-property: all;\" target=\"_blank\" rel=\"noopener\">ABRE \u2013 Gesti\u00f3n de Bienes<\/a><\/li>\n \t<li id=\"menu-item-7349\" class=\"menu-item menu-item-type-custom menu-item-object-custom menu-item-7349\"><a href=\"http:\/\/fundacionpopular.org\/\" style=\"transition-property: all;\" target=\"_blank\" rel=\"noopener\">Fundaci\u00f3n Popular<\/a><\/li>\n \t<li id=\"menu-item-7349\" class=\"menu-item menu-item-type-custom menu-item-object-custom menu-item-7349\"><a href=\"https:\/\/gcs-international.com\/\" style=\"transition-property: all;\" target=\"_blank\" rel=\"noopener\">GCS International<\/a><\/li>\n<\/ul>\t\t\t\t\t\t<\/div>\n\t\t\t\t<\/div>\n\t\t\t\t\t<\/div>\n\t\t<\/div>\n\t\t\t\t<div class=\"elementor-column elementor-col-33 elementor-top-column elementor-element elementor-element-e1217db\" data-id=\"e1217db\" data-element_type=\"column\">\n\t\t\t<div class=\"elementor-widget-wrap elementor-element-populated\">\n\t\t\t\t\t\t\t\t<div class=\"elementor-element elementor-element-724ba3e elementor-widget elementor-widget-text-editor\" data-id=\"724ba3e\" data-element_type=\"widget\" data-widget_type=\"text-editor.default\">\n\t\t\t\t<div class=\"elementor-widget-container\">\n\t\t\t\t\t\t\t<p>Informaciones<\/p><p><\/p>\t\t\t\t\t\t<\/div>\n\t\t\t\t<\/div>\n\t\t\t\t<div class=\"elementor-element elementor-element-9293391 elementor-widget elementor-widget-text-editor\" data-id=\"9293391\" data-element_type=\"widget\" data-widget_type=\"text-editor.default\">\n\t\t\t\t<div class=\"elementor-widget-container\">\n\t\t\t\t\t\t\t<ul id=\"menu-footer-menu\" class=\"menu\"><li id=\"menu-item-5922\" class=\"menu-item menu-item-type-post_type menu-item-object-page menu-item-5922\"><a href=\"?page_id=5137\">Tarifario de Servicios<\/a><\/li><li id=\"menu-item-5930\" class=\"menu-item menu-item-type-post_type menu-item-object-page menu-item-5930\"><a href=\"?page_id=5154\">\u00a1Proteja sus datos!<\/a><\/li><li id=\"menu-item-5931\" class=\"menu-item menu-item-type-post_type menu-item-object-page menu-item-5931\"><a href=\"?page_id=5160\">D\u00edas de Fiesta Nacional en Panam\u00e1<\/a><\/li><li id=\"menu-item-5927\" class=\"menu-item menu-item-type-post_type menu-item-object-page menu-item-5927\"><a href=\"?page_id=5166\">FATCA<\/a><\/li><li><a href=\"?page_id=13297\">Common Reporting Standard<\/a><\/li><li><a href=\"?page_id=5171\">Tutoriales Banca Digital<\/a><\/li><li id=\"menu-item-7389\" class=\"menu-item menu-item-type-post_type menu-item-object-page menu-item-7389\"><a href=\"?page_id=5176\">Formularios<\/a><\/li><li id=\"menu-item-5925\" class=\"menu-item menu-item-type-post_type menu-item-object-page menu-item-5925\"><a href=\"?page_id=5185\">Gobierno Corporativo<\/a><\/li><li id=\"menu-item-5923\" class=\"menu-item menu-item-type-post_type menu-item-object-page menu-item-5923\"><a href=\"?page_id=4336\">Con\u00f3cenos<\/a><\/li><li id=\"menu-item-5971\" class=\"menu-item menu-item-type-post_type menu-item-object-page menu-item-5971\"><a href=\"?page_id=5965\">Preguntas Frecuentes<\/a><\/li><li id=\"menu-item-6883\" class=\"menu-item menu-item-type-post_type menu-item-object-page menu-item-6883\"><a href=\"?page_id=6095\">Reclamaciones<\/a><\/li><li id=\"menu-item-5971\" class=\"menu-item menu-item-type-post_type menu-item-object-page menu-item-5971\"><a href=\"https:\/\/www.popularbank.com.pa\/wp-content\/uploads\/2026\/02\/Contrato-de-Productos-y-Servicios-Bancarios-Persona-Natural.pdf\" target=\"_blank\" rel=\"noopener\">T\u00e9rminos y Condiciones de Productos y Servicios &#8211; Banca Personal<\/a><\/li><li id=\"menu-item-6883\" class=\"menu-item menu-item-type-post_type menu-item-object-page menu-item-6883\"><a href=\"https:\/\/www.popularbank.com.pa\/wp-content\/uploads\/2026\/02\/Contrato-de-Productos-y-Servicios-Bancarios-Persona-Juridica.pdf\" target=\"_blank\" rel=\"noopener\">T\u00e9rminos y Condiciones de Productos y Servicios &#8211; Banca Empresarial<\/a><\/li><\/ul>\t\t\t\t\t\t<\/div>\n\t\t\t\t<\/div>\n\t\t\t\t\t<\/div>\n\t\t<\/div>\n\t\t\t\t\t\t\t<\/div>\n\t\t<\/section>\n\t\t\t\t<section class=\"elementor-section elementor-top-section elementor-element elementor-element-a667744 elementor-section-boxed elementor-section-height-default elementor-section-height-default\" data-id=\"a667744\" data-element_type=\"section\" data-settings=\"{&quot;background_background&quot;:&quot;classic&quot;}\">\n\t\t\t\t\t\t<div class=\"elementor-container elementor-column-gap-default\">\n\t\t\t\t\t<div class=\"elementor-column elementor-col-100 elementor-top-column elementor-element elementor-element-10c6e90\" data-id=\"10c6e90\" data-element_type=\"column\">\n\t\t\t<div class=\"elementor-widget-wrap elementor-element-populated\">\n\t\t\t\t\t\t\t\t<div class=\"elementor-element elementor-element-651549a elementor-widget elementor-widget-text-editor\" data-id=\"651549a\" data-element_type=\"widget\" data-widget_type=\"text-editor.default\">\n\t\t\t\t<div class=\"elementor-widget-container\">\n\t\t\t\t\t\t\t<p style=\"text-align: center;\"><a href=\"?page_id=8185\">Aviso legal y condiciones de uso<\/a> \u00a0 |\u00a0 \u00a0<a href=\"?page_id=5932\">Pol\u00edticas de Cookies<\/a>\u00a0 \u00a0|\u00a0 \u00a0<a href=\"?page_id=13531\">Aviso de Privacidad<\/a><\/p>\t\t\t\t\t\t<\/div>\n\t\t\t\t<\/div>\n\t\t\t\t\t<\/div>\n\t\t<\/div>\n\t\t\t\t\t\t\t<\/div>\n\t\t<\/section>\n\t\t\t\t<section class=\"elementor-section elementor-top-section elementor-element elementor-element-e45fde6 elementor-section-boxed elementor-section-height-default elementor-section-height-default\" data-id=\"e45fde6\" data-element_type=\"section\" data-settings=\"{&quot;background_background&quot;:&quot;classic&quot;}\">\n\t\t\t\t\t\t<div class=\"elementor-container elementor-column-gap-default\">\n\t\t\t\t\t<div class=\"elementor-column elementor-col-100 elementor-top-column elementor-element elementor-element-5915465\" data-id=\"5915465\" data-element_type=\"column\">\n\t\t\t<div class=\"elementor-widget-wrap elementor-element-populated\">\n\t\t\t\t\t\t\t\t<div class=\"elementor-element elementor-element-dd34df7 elementor-widget elementor-widget-heading\" data-id=\"dd34df7\" data-element_type=\"widget\" data-widget_type=\"heading.default\">\n\t\t\t\t<div class=\"elementor-widget-container\">\n\t\t\t<span class=\"elementor-heading-title elementor-size-default\">POPULAR BANK, LTD. PANAM\u00c1, REP\u00daBLICA DE PANAM\u00c1. | FILIAL DEL GRUPO POPULAR, S.A.<\/span>\t\t<\/div>\n\t\t\t\t<\/div>\n\t\t\t\t\t<\/div>\n\t\t<\/div>\n\t\t\t\t\t\t\t<\/div>\n\t\t<\/section>\n\t\t\t\t\t\t\t<\/div>\n\t\t","protected":false},"excerpt":{"rendered":"<p>CON\u00d3CENOS Preguntas Frecuentes Entre en contacto con nosotros y perm\u00edtanos dar respuestas eficientes a todos tus requerimientosy necesidades. \u00bfQui\u00e9nes son elegibles para ser clientes de Popular Bank? Toda Persona Natural o Jur\u00eddica que no declare impuestos en la Rep\u00fablica de Panam\u00e1. Cuenta Corriente \u00a0\u00bfCu\u00e1l es el monto m\u00ednimo para abrir [&hellip;]<\/p>\n","protected":false},"author":1,"featured_media":0,"parent":0,"menu_order":0,"comment_status":"closed","ping_status":"closed","template":"page-templates\/template-pagebuilder-full-width.php","meta":{"footnotes":""},"class_list":["post-5965","page","type-page","status-publish","hentry"],"_links":{"self":[{"href":"https:\/\/www.popularbank.com.pa\/index.php?rest_route=\/wp\/v2\/pages\/5965","targetHints":{"allow":["GET"]}}],"collection":[{"href":"https:\/\/www.popularbank.com.pa\/index.php?rest_route=\/wp\/v2\/pages"}],"about":[{"href":"https:\/\/www.popularbank.com.pa\/index.php?rest_route=\/wp\/v2\/types\/page"}],"author":[{"embeddable":true,"href":"https:\/\/www.popularbank.com.pa\/index.php?rest_route=\/wp\/v2\/users\/1"}],"replies":[{"embeddable":true,"href":"https:\/\/www.popularbank.com.pa\/index.php?rest_route=%2Fwp%2Fv2%2Fcomments&post=5965"}],"version-history":[{"count":71,"href":"https:\/\/www.popularbank.com.pa\/index.php?rest_route=\/wp\/v2\/pages\/5965\/revisions"}],"predecessor-version":[{"id":19478,"href":"https:\/\/www.popularbank.com.pa\/index.php?rest_route=\/wp\/v2\/pages\/5965\/revisions\/19478"}],"wp:attachment":[{"href":"https:\/\/www.popularbank.com.pa\/index.php?rest_route=%2Fwp%2Fv2%2Fmedia&parent=5965"}],"curies":[{"name":"wp","href":"https:\/\/api.w.org\/{rel}","templated":true}]}}