{"id":5590,"date":"2022-05-30T00:37:46","date_gmt":"2022-05-30T00:37:46","guid":{"rendered":"https:\/\/dgpanama.net\/?page_id=5590"},"modified":"2026-02-04T19:22:52","modified_gmt":"2026-02-04T19:22:52","slug":"banca-empresarial-cobranzas-de-cheques-extranjeros","status":"publish","type":"page","link":"https:\/\/www.popularbank.com.pa\/?page_id=5590","title":{"rendered":"Banca Empresarial- Cheques Enviados al Cobro"},"content":{"rendered":"\t\t<div data-elementor-type=\"wp-page\" data-elementor-id=\"5590\" class=\"elementor elementor-5590\">\n\t\t\t\t\t\t\t\t\t<section class=\"elementor-section elementor-top-section elementor-element elementor-element-0dcda15 elementor-section-full_width elementor-section-height-min-height elementor-section-height-default elementor-section-items-middle\" data-id=\"0dcda15\" data-element_type=\"section\" data-settings=\"{&quot;background_background&quot;:&quot;classic&quot;}\">\n\t\t\t\t\t\t<div class=\"elementor-container elementor-column-gap-no\">\n\t\t\t\t\t<div class=\"elementor-column elementor-col-100 elementor-top-column elementor-element elementor-element-10bdea4\" data-id=\"10bdea4\" data-element_type=\"column\">\n\t\t\t<div class=\"elementor-widget-wrap elementor-element-populated\">\n\t\t\t\t\t\t\t\t<div class=\"elementor-element elementor-element-100fc81 elementor-widget elementor-widget-heading\" data-id=\"100fc81\" data-element_type=\"widget\" data-widget_type=\"heading.default\">\n\t\t\t\t<div class=\"elementor-widget-container\">\n\t\t\t<style>\/*! elementor - v3.17.0 - 08-11-2023 *\/\n.elementor-heading-title{padding:0;margin:0;line-height:1}.elementor-widget-heading .elementor-heading-title[class*=elementor-size-]>a{color:inherit;font-size:inherit;line-height:inherit}.elementor-widget-heading .elementor-heading-title.elementor-size-small{font-size:15px}.elementor-widget-heading .elementor-heading-title.elementor-size-medium{font-size:19px}.elementor-widget-heading .elementor-heading-title.elementor-size-large{font-size:29px}.elementor-widget-heading .elementor-heading-title.elementor-size-xl{font-size:39px}.elementor-widget-heading .elementor-heading-title.elementor-size-xxl{font-size:59px}<\/style><h2 class=\"elementor-heading-title elementor-size-default\">BANCA EMPRESARIAL<\/h2>\t\t<\/div>\n\t\t\t\t<\/div>\n\t\t\t\t<div class=\"elementor-element elementor-element-3ee4d07 elementor-widget elementor-widget-heading\" data-id=\"3ee4d07\" data-element_type=\"widget\" data-widget_type=\"heading.default\">\n\t\t\t\t<div class=\"elementor-widget-container\">\n\t\t\t<h5 class=\"elementor-heading-title elementor-size-default\">Productos y servicios para empresas<\/h5>\t\t<\/div>\n\t\t\t\t<\/div>\n\t\t\t\t\t<\/div>\n\t\t<\/div>\n\t\t\t\t\t\t\t<\/div>\n\t\t<\/section>\n\t\t\t\t<section class=\"elementor-section elementor-top-section elementor-element elementor-element-138e71b6 elementor-section-boxed elementor-section-height-default elementor-section-height-default\" data-id=\"138e71b6\" data-element_type=\"section\">\n\t\t\t\t\t\t<div class=\"elementor-container elementor-column-gap-default\">\n\t\t\t\t\t<div class=\"elementor-column elementor-col-100 elementor-top-column elementor-element elementor-element-4b1fd8b0\" data-id=\"4b1fd8b0\" data-element_type=\"column\">\n\t\t\t<div class=\"elementor-widget-wrap elementor-element-populated\">\n\t\t\t\t\t\t\t\t<div class=\"elementor-element elementor-element-b085844 elementor-widget elementor-widget-heading\" data-id=\"b085844\" data-element_type=\"widget\" data-widget_type=\"heading.default\">\n\t\t\t\t<div class=\"elementor-widget-container\">\n\t\t\t<h2 class=\"elementor-heading-title elementor-size-default\">Cheques enviados al cobro<\/h2>\t\t<\/div>\n\t\t\t\t<\/div>\n\t\t\t\t<div class=\"elementor-element elementor-element-2a7c342b elementor-widget elementor-widget-text-editor\" data-id=\"2a7c342b\" data-element_type=\"widget\" data-widget_type=\"text-editor.default\">\n\t\t\t\t<div class=\"elementor-widget-container\">\n\t\t\t<style>\/*! elementor - v3.17.0 - 08-11-2023 *\/\n.elementor-widget-text-editor.elementor-drop-cap-view-stacked .elementor-drop-cap{background-color:#69727d;color:#fff}.elementor-widget-text-editor.elementor-drop-cap-view-framed .elementor-drop-cap{color:#69727d;border:3px solid;background-color:transparent}.elementor-widget-text-editor:not(.elementor-drop-cap-view-default) .elementor-drop-cap{margin-top:8px}.elementor-widget-text-editor:not(.elementor-drop-cap-view-default) .elementor-drop-cap-letter{width:1em;height:1em}.elementor-widget-text-editor .elementor-drop-cap{float:left;text-align:center;line-height:1;font-size:50px}.elementor-widget-text-editor .elementor-drop-cap-letter{display:inline-block}<\/style>\t\t\t\t<p>Para agilizar el cobro de cheques sobre plazas extranjeras, Popular Bank ofrece a sus clientes su servicio de Cobranza de Cheques Extranjeros. Este servicio les permitir\u00e1 hacer efectivo sus cheques en moneda extranjera a nivel mundial.<\/p>\n<p>Para solicitar mas informaci\u00f3n v\u00eda correo electr\u00f3nico<span>&nbsp;<\/span><a href=\"mailto:contactenos@popularbank.com.pa\">presione aqu\u00ed<\/a>.<\/p>\t\t\t\t\t\t<\/div>\n\t\t\t\t<\/div>\n\t\t\t\t\t<\/div>\n\t\t<\/div>\n\t\t\t\t\t\t\t<\/div>\n\t\t<\/section>\n\t\t\t\t<section class=\"elementor-section elementor-top-section elementor-element elementor-element-18e7ebb elementor-section-boxed elementor-section-height-default elementor-section-height-default\" data-id=\"18e7ebb\" data-element_type=\"section\" data-settings=\"{&quot;background_background&quot;:&quot;classic&quot;}\">\n\t\t\t\t\t\t<div class=\"elementor-container elementor-column-gap-default\">\n\t\t\t\t\t<div class=\"elementor-column elementor-col-33 elementor-top-column elementor-element elementor-element-c820cff\" data-id=\"c820cff\" data-element_type=\"column\">\n\t\t\t<div class=\"elementor-widget-wrap elementor-element-populated\">\n\t\t\t\t\t\t\t\t<div class=\"elementor-element elementor-element-ad6d7af elementor-widget elementor-widget-text-editor\" data-id=\"ad6d7af\" data-element_type=\"widget\" data-widget_type=\"text-editor.default\">\n\t\t\t\t<div class=\"elementor-widget-container\">\n\t\t\t\t\t\t\t<p>Sobre Nosotros<\/p>\t\t\t\t\t\t<\/div>\n\t\t\t\t<\/div>\n\t\t\t\t<div class=\"elementor-element elementor-element-39c4feb elementor-widget elementor-widget-text-editor\" data-id=\"39c4feb\" data-element_type=\"widget\" data-widget_type=\"text-editor.default\">\n\t\t\t\t<div class=\"elementor-widget-container\">\n\t\t\t\t\t\t\t<p><strong>C\u00f3digo Swift:<\/strong> BPDOPAPA<\/p>\t\t\t\t\t\t<\/div>\n\t\t\t\t<\/div>\n\t\t\t\t<div class=\"elementor-element elementor-element-842e182 elementor-widget elementor-widget-text-editor\" data-id=\"842e182\" data-element_type=\"widget\" data-widget_type=\"text-editor.default\">\n\t\t\t\t<div class=\"elementor-widget-container\">\n\t\t\t\t\t\t\t<p><strong>Direcci\u00f3n<\/strong>:<br \/>Ave. Aquilino de la Guardia Cl. 47E<br \/>Torre Banco General Piso # 20<br \/>Apartado Postal 0816-00265<br \/>Panam\u00e1, Rep. de Panam\u00e1<\/p><p>Tel\u00e9fono: (507)297-4100 <br \/>Rep\u00fablica de Panam\u00e1<\/p><p><strong>E.Mail:<\/strong><br \/><a href=\"mailto:contactenos@popularbank.com.pa\">contactenos@popularbank.com.pa<\/a><span>\u00a0<\/span><\/p>\t\t\t\t\t\t<\/div>\n\t\t\t\t<\/div>\n\t\t\t\t<div class=\"elementor-element elementor-element-10cf475 elementor-widget elementor-widget-text-editor\" data-id=\"10cf475\" data-element_type=\"widget\" data-widget_type=\"text-editor.default\">\n\t\t\t\t<div class=\"elementor-widget-container\">\n\t\t\t\t\t\t\t<a href=\"https:\/\/www.superbancos.gob.pa\/\" target=\"_blank\" rel=\"noopener\"><img loading=\"lazy\" decoding=\"async\" src=\"https:\/\/www.popularbank.com.pa\/wp-content\/uploads\/2023\/06\/Pieza_graifica_lineal_Blanco_2.png\" alt=\"\" width=\"151\" height=\"150\" class=\"size-full wp-image-14151 aligncenter\" \/><\/a>\t\t\t\t\t\t<\/div>\n\t\t\t\t<\/div>\n\t\t\t\t\t<\/div>\n\t\t<\/div>\n\t\t\t\t<div class=\"elementor-column elementor-col-33 elementor-top-column elementor-element elementor-element-0ef4973\" data-id=\"0ef4973\" data-element_type=\"column\">\n\t\t\t<div class=\"elementor-widget-wrap elementor-element-populated\">\n\t\t\t\t\t\t\t\t<div class=\"elementor-element elementor-element-45c72cb elementor-widget elementor-widget-text-editor\" data-id=\"45c72cb\" data-element_type=\"widget\" data-widget_type=\"text-editor.default\">\n\t\t\t\t<div class=\"elementor-widget-container\">\n\t\t\t\t\t\t\t<p>Popular Bank<\/p>\t\t\t\t\t\t<\/div>\n\t\t\t\t<\/div>\n\t\t\t\t<div class=\"elementor-element elementor-element-167148b elementor-widget elementor-widget-text-editor\" data-id=\"167148b\" data-element_type=\"widget\" data-widget_type=\"text-editor.default\">\n\t\t\t\t<div class=\"elementor-widget-container\">\n\t\t\t\t\t\t\t<ul>\n \t<li><a href=\"?page_id=7569\">Publicaciones Institucionales<\/a><\/li>\n<\/ul>\t\t\t\t\t\t<\/div>\n\t\t\t\t<\/div>\n\t\t\t\t<div class=\"elementor-element elementor-element-f232754 elementor-widget elementor-widget-text-editor\" data-id=\"f232754\" data-element_type=\"widget\" data-widget_type=\"text-editor.default\">\n\t\t\t\t<div class=\"elementor-widget-container\">\n\t\t\t\t\t\t\t<p>Entidades relacionadas<\/p><p><\/p>\t\t\t\t\t\t<\/div>\n\t\t\t\t<\/div>\n\t\t\t\t<div class=\"elementor-element elementor-element-c665564 elementor-widget elementor-widget-text-editor\" data-id=\"c665564\" data-element_type=\"widget\" data-widget_type=\"text-editor.default\">\n\t\t\t\t<div class=\"elementor-widget-container\">\n\t\t\t\t\t\t\t<ul id=\"menu-footer-menu-entidades\" class=\"menu\" style=\"color: #ffffff;\">\n \t<li id=\"menu-item-7352\" class=\"menu-item menu-item-type-custom menu-item-object-custom menu-item-7352\"><a href=\"https:\/\/www.grupopopular.com\/\" style=\"transition-property: all;\" target=\"_blank\" rel=\"noopener\">Grupo Popular<\/a><\/li>\n \t<li id=\"menu-item-7341\" class=\"menu-item menu-item-type-custom menu-item-object-custom menu-item-7341\"><a href=\"https:\/\/www.popularenlinea.com\/pyme\/Paginas\/Home.aspx\" style=\"transition-property: all;\" target=\"_blank\" rel=\"noopener\">Banco Popular Dominicano, S.A.<\/a><\/li>\n \t<li id=\"menu-item-7342\" class=\"menu-item menu-item-type-custom menu-item-object-custom menu-item-7342\"><a href=\"https:\/\/afppopular.com.do\/\" style=\"transition-property: all;\" target=\"_blank\" rel=\"noopener\">AFP Popular, S.A.<\/a><\/li>\n \t<li id=\"menu-item-7343\" class=\"menu-item menu-item-type-custom menu-item-object-custom menu-item-7343\"><a href=\"https:\/\/inversionespopular.com.do\/\" style=\"transition-property: all;\" target=\"_blank\" rel=\"noopener\">Inversiones Popular, S.A.<\/a><\/li>\n \t<li id=\"menu-item-7351\" class=\"menu-item menu-item-type-custom menu-item-object-custom menu-item-7351\"><a href=\"http:\/\/www.afipopular.com.do\/\" style=\"transition-property: all;\" target=\"_blank\" rel=\"noopener\">AFI Popular<\/a><\/li>\n \t<li id=\"menu-item-7344\" class=\"menu-item menu-item-type-custom menu-item-object-custom menu-item-7344\"><a href=\"https:\/\/www.fiduciariapopular.do\/app\/do\/frontpage.aspx\" style=\"transition-property: all;\" target=\"_blank\" rel=\"noopener\">Fiduciaria Popular, S.A.<\/a><\/li>\n \t<li id=\"menu-item-7347\" class=\"menu-item menu-item-type-custom menu-item-object-custom menu-item-has-children menu-item-7347\"><a href=\"https:\/\/www.azul.com.do\/Pages\/es\/default.aspx\" style=\"transition-property: all;\" target=\"_blank\" rel=\"noopener\">Servicios Digitales Popular, S.A.<\/a>\n<ul class=\"sub-menu\">\n \t<li id=\"menu-item-7350\" class=\"menu-item menu-item-type-custom menu-item-object-custom menu-item-7350\"><a href=\"http:\/\/www.avance.com.do\/\" style=\"transition-property: all;\" target=\"_blank\" rel=\"noopener\">AVANCE<\/a><\/li>\n<\/ul>\n<\/li>\n \t<li id=\"menu-item-7346\" class=\"menu-item menu-item-type-custom menu-item-object-custom menu-item-7346\"><a href=\"https:\/\/qik.com.do\/\" target=\"_blank\" rel=\"noopener\">Qik Banco Digital Dominicano<\/a><\/li>\n \t<li><a href=\"https:\/\/grupopopular.com\/Filiales\/Pages\/Infocentro.aspx\" target=\"_blank\" rel=\"noopener\">Infocentro Popular, S.A.<\/a><\/li>\n \t<li id=\"menu-item-7348\" class=\"menu-item menu-item-type-custom menu-item-object-custom menu-item-7348\"><a href=\"https:\/\/abre.com.do\/\" style=\"transition-property: all;\" target=\"_blank\" rel=\"noopener\">ABRE \u2013 Gesti\u00f3n de Bienes<\/a><\/li>\n \t<li id=\"menu-item-7349\" class=\"menu-item menu-item-type-custom menu-item-object-custom menu-item-7349\"><a href=\"http:\/\/fundacionpopular.org\/\" style=\"transition-property: all;\" target=\"_blank\" rel=\"noopener\">Fundaci\u00f3n Popular<\/a><\/li>\n \t<li id=\"menu-item-7349\" class=\"menu-item menu-item-type-custom menu-item-object-custom menu-item-7349\"><a href=\"https:\/\/gcs-international.com\/\" style=\"transition-property: all;\" target=\"_blank\" rel=\"noopener\">GCS International<\/a><\/li>\n<\/ul>\t\t\t\t\t\t<\/div>\n\t\t\t\t<\/div>\n\t\t\t\t\t<\/div>\n\t\t<\/div>\n\t\t\t\t<div class=\"elementor-column elementor-col-33 elementor-top-column elementor-element elementor-element-ee9235b\" data-id=\"ee9235b\" data-element_type=\"column\">\n\t\t\t<div class=\"elementor-widget-wrap elementor-element-populated\">\n\t\t\t\t\t\t\t\t<div class=\"elementor-element elementor-element-147c087 elementor-widget elementor-widget-text-editor\" data-id=\"147c087\" data-element_type=\"widget\" data-widget_type=\"text-editor.default\">\n\t\t\t\t<div class=\"elementor-widget-container\">\n\t\t\t\t\t\t\t<p>Informaciones<\/p><p><\/p>\t\t\t\t\t\t<\/div>\n\t\t\t\t<\/div>\n\t\t\t\t<div class=\"elementor-element elementor-element-f6fe086 elementor-widget elementor-widget-text-editor\" data-id=\"f6fe086\" data-element_type=\"widget\" data-widget_type=\"text-editor.default\">\n\t\t\t\t<div class=\"elementor-widget-container\">\n\t\t\t\t\t\t\t<ul id=\"menu-footer-menu\" class=\"menu\"><li id=\"menu-item-5922\" class=\"menu-item menu-item-type-post_type menu-item-object-page menu-item-5922\"><a href=\"?page_id=5137\">Tarifario de Servicios<\/a><\/li><li id=\"menu-item-5930\" class=\"menu-item menu-item-type-post_type menu-item-object-page menu-item-5930\"><a href=\"?page_id=5154\">\u00a1Proteja sus datos!<\/a><\/li><li id=\"menu-item-5931\" class=\"menu-item menu-item-type-post_type menu-item-object-page menu-item-5931\"><a href=\"?page_id=5160\">D\u00edas de Fiesta Nacional en Panam\u00e1<\/a><\/li><li id=\"menu-item-5927\" class=\"menu-item menu-item-type-post_type menu-item-object-page menu-item-5927\"><a href=\"?page_id=5166\">FATCA<\/a><\/li><li><a href=\"?page_id=13297\">Common Reporting Standard<\/a><\/li><li><a href=\"?page_id=5171\">Tutoriales Banca Digital<\/a><\/li><li id=\"menu-item-7389\" class=\"menu-item menu-item-type-post_type menu-item-object-page menu-item-7389\"><a href=\"?page_id=5176\">Formularios<\/a><\/li><li id=\"menu-item-5925\" class=\"menu-item menu-item-type-post_type menu-item-object-page menu-item-5925\"><a href=\"?page_id=5185\">Gobierno Corporativo<\/a><\/li><li id=\"menu-item-5923\" class=\"menu-item menu-item-type-post_type menu-item-object-page menu-item-5923\"><a href=\"?page_id=4336\">Con\u00f3cenos<\/a><\/li><li id=\"menu-item-5971\" class=\"menu-item menu-item-type-post_type menu-item-object-page menu-item-5971\"><a href=\"?page_id=5965\">Preguntas Frecuentes<\/a><\/li><li id=\"menu-item-6883\" class=\"menu-item menu-item-type-post_type menu-item-object-page menu-item-6883\"><a href=\"?page_id=6095\">Reclamaciones<\/a><\/li><li id=\"menu-item-5971\" class=\"menu-item menu-item-type-post_type menu-item-object-page menu-item-5971\"><a href=\"https:\/\/www.popularbank.com.pa\/wp-content\/uploads\/2026\/02\/Contrato-de-Productos-y-Servicios-Bancarios-Persona-Natural.pdf\" target=\"_blank\" rel=\"noopener\">T\u00e9rminos y Condiciones de Productos y Servicios &#8211; Banca Personal<\/a><\/li><li id=\"menu-item-6883\" class=\"menu-item menu-item-type-post_type menu-item-object-page menu-item-6883\"><a href=\"https:\/\/www.popularbank.com.pa\/wp-content\/uploads\/2026\/02\/Contrato-de-Productos-y-Servicios-Bancarios-Persona-Juridica.pdf\" target=\"_blank\" rel=\"noopener\">T\u00e9rminos y Condiciones de Productos y Servicios &#8211; Banca Empresarial<\/a><\/li><\/ul>\t\t\t\t\t\t<\/div>\n\t\t\t\t<\/div>\n\t\t\t\t\t<\/div>\n\t\t<\/div>\n\t\t\t\t\t\t\t<\/div>\n\t\t<\/section>\n\t\t\t\t<section class=\"elementor-section elementor-top-section elementor-element elementor-element-8091c52 elementor-section-boxed elementor-section-height-default elementor-section-height-default\" data-id=\"8091c52\" data-element_type=\"section\" data-settings=\"{&quot;background_background&quot;:&quot;classic&quot;}\">\n\t\t\t\t\t\t<div class=\"elementor-container elementor-column-gap-default\">\n\t\t\t\t\t<div class=\"elementor-column elementor-col-100 elementor-top-column elementor-element elementor-element-372481e\" data-id=\"372481e\" data-element_type=\"column\">\n\t\t\t<div class=\"elementor-widget-wrap elementor-element-populated\">\n\t\t\t\t\t\t\t\t<div class=\"elementor-element elementor-element-c6a96ee elementor-widget elementor-widget-text-editor\" data-id=\"c6a96ee\" data-element_type=\"widget\" data-widget_type=\"text-editor.default\">\n\t\t\t\t<div class=\"elementor-widget-container\">\n\t\t\t\t\t\t\t<p style=\"text-align: center;\"><a href=\"?page_id=8185\">Aviso legal y condiciones de uso<\/a> \u00a0 |\u00a0 \u00a0<a href=\"?page_id=5932\">Pol\u00edticas de Cookies<\/a>\u00a0 \u00a0|\u00a0 \u00a0<a href=\"?page_id=13531\">Aviso de Privacidad<\/a><\/p>\t\t\t\t\t\t<\/div>\n\t\t\t\t<\/div>\n\t\t\t\t\t<\/div>\n\t\t<\/div>\n\t\t\t\t\t\t\t<\/div>\n\t\t<\/section>\n\t\t\t\t<section class=\"elementor-section elementor-top-section elementor-element elementor-element-e45fde6 elementor-section-boxed elementor-section-height-default elementor-section-height-default\" data-id=\"e45fde6\" data-element_type=\"section\" data-settings=\"{&quot;background_background&quot;:&quot;classic&quot;}\">\n\t\t\t\t\t\t<div class=\"elementor-container elementor-column-gap-default\">\n\t\t\t\t\t<div class=\"elementor-column elementor-col-100 elementor-top-column elementor-element elementor-element-5915465\" data-id=\"5915465\" data-element_type=\"column\">\n\t\t\t<div class=\"elementor-widget-wrap elementor-element-populated\">\n\t\t\t\t\t\t\t\t<div class=\"elementor-element elementor-element-dd34df7 elementor-widget elementor-widget-heading\" data-id=\"dd34df7\" data-element_type=\"widget\" data-widget_type=\"heading.default\">\n\t\t\t\t<div class=\"elementor-widget-container\">\n\t\t\t<span class=\"elementor-heading-title elementor-size-default\">POPULAR BANK, LTD. PANAM\u00c1, REP\u00daBLICA DE PANAM\u00c1. | FILIAL DEL GRUPO POPULAR, S.A.<\/span>\t\t<\/div>\n\t\t\t\t<\/div>\n\t\t\t\t\t<\/div>\n\t\t<\/div>\n\t\t\t\t\t\t\t<\/div>\n\t\t<\/section>\n\t\t\t\t\t\t\t<\/div>\n\t\t","protected":false},"excerpt":{"rendered":"<p>BANCA EMPRESARIAL Productos y servicios para empresas Cheques enviados al cobro Para agilizar el cobro de cheques sobre plazas extranjeras, Popular Bank ofrece a sus clientes su servicio de Cobranza de Cheques Extranjeros. Este servicio les permitir\u00e1 hacer efectivo sus cheques en moneda extranjera a nivel mundial. Para solicitar mas [&hellip;]<\/p>\n","protected":false},"author":1,"featured_media":0,"parent":0,"menu_order":0,"comment_status":"closed","ping_status":"closed","template":"page-templates\/template-pagebuilder-full-width.php","meta":{"footnotes":""},"class_list":["post-5590","page","type-page","status-publish","hentry"],"_links":{"self":[{"href":"https:\/\/www.popularbank.com.pa\/index.php?rest_route=\/wp\/v2\/pages\/5590","targetHints":{"allow":["GET"]}}],"collection":[{"href":"https:\/\/www.popularbank.com.pa\/index.php?rest_route=\/wp\/v2\/pages"}],"about":[{"href":"https:\/\/www.popularbank.com.pa\/index.php?rest_route=\/wp\/v2\/types\/page"}],"author":[{"embeddable":true,"href":"https:\/\/www.popularbank.com.pa\/index.php?rest_route=\/wp\/v2\/users\/1"}],"replies":[{"embeddable":true,"href":"https:\/\/www.popularbank.com.pa\/index.php?rest_route=%2Fwp%2Fv2%2Fcomments&post=5590"}],"version-history":[{"count":80,"href":"https:\/\/www.popularbank.com.pa\/index.php?rest_route=\/wp\/v2\/pages\/5590\/revisions"}],"predecessor-version":[{"id":19301,"href":"https:\/\/www.popularbank.com.pa\/index.php?rest_route=\/wp\/v2\/pages\/5590\/revisions\/19301"}],"wp:attachment":[{"href":"https:\/\/www.popularbank.com.pa\/index.php?rest_route=%2Fwp%2Fv2%2Fmedia&parent=5590"}],"curies":[{"name":"wp","href":"https:\/\/api.w.org\/{rel}","templated":true}]}}