{"id":5053,"date":"2022-05-16T15:46:35","date_gmt":"2022-05-16T15:46:35","guid":{"rendered":"https:\/\/dgpanama.net\/?page_id=5053"},"modified":"2026-02-04T19:44:45","modified_gmt":"2026-02-04T19:44:45","slug":"filosofia-corporativa","status":"publish","type":"page","link":"https:\/\/www.popularbank.com.pa\/?page_id=5053","title":{"rendered":"Filosof\u00eda Corporativa"},"content":{"rendered":"\t\t<div data-elementor-type=\"wp-page\" data-elementor-id=\"5053\" class=\"elementor elementor-5053\">\n\t\t\t\t\t\t\t\t\t<section class=\"elementor-section elementor-top-section elementor-element elementor-element-e96b100 elementor-section-full_width elementor-section-height-min-height elementor-section-height-default elementor-section-items-middle\" data-id=\"e96b100\" data-element_type=\"section\" data-settings=\"{&quot;background_background&quot;:&quot;classic&quot;}\">\n\t\t\t\t\t\t<div class=\"elementor-container elementor-column-gap-no\">\n\t\t\t\t\t<div class=\"elementor-column elementor-col-100 elementor-top-column elementor-element elementor-element-45a31dc\" data-id=\"45a31dc\" data-element_type=\"column\">\n\t\t\t<div class=\"elementor-widget-wrap elementor-element-populated\">\n\t\t\t\t\t\t\t\t<div class=\"elementor-element elementor-element-0a2aff4 elementor-absolute elementor-widget elementor-widget-heading\" data-id=\"0a2aff4\" data-element_type=\"widget\" data-settings=\"{&quot;_position&quot;:&quot;absolute&quot;}\" data-widget_type=\"heading.default\">\n\t\t\t\t<div class=\"elementor-widget-container\">\n\t\t\t<style>\/*! elementor - v3.17.0 - 08-11-2023 *\/\n.elementor-heading-title{padding:0;margin:0;line-height:1}.elementor-widget-heading .elementor-heading-title[class*=elementor-size-]>a{color:inherit;font-size:inherit;line-height:inherit}.elementor-widget-heading .elementor-heading-title.elementor-size-small{font-size:15px}.elementor-widget-heading .elementor-heading-title.elementor-size-medium{font-size:19px}.elementor-widget-heading .elementor-heading-title.elementor-size-large{font-size:29px}.elementor-widget-heading .elementor-heading-title.elementor-size-xl{font-size:39px}.elementor-widget-heading .elementor-heading-title.elementor-size-xxl{font-size:59px}<\/style><h2 class=\"elementor-heading-title elementor-size-default\">CON\u00d3CENOS<\/h2>\t\t<\/div>\n\t\t\t\t<\/div>\n\t\t\t\t\t<\/div>\n\t\t<\/div>\n\t\t\t\t\t\t\t<\/div>\n\t\t<\/section>\n\t\t\t\t<section class=\"elementor-section elementor-top-section elementor-element elementor-element-138e71b6 elementor-section-boxed elementor-section-height-default elementor-section-height-default\" data-id=\"138e71b6\" data-element_type=\"section\">\n\t\t\t\t\t\t<div class=\"elementor-container elementor-column-gap-default\">\n\t\t\t\t\t<div class=\"elementor-column elementor-col-100 elementor-top-column elementor-element elementor-element-4b1fd8b0\" data-id=\"4b1fd8b0\" data-element_type=\"column\">\n\t\t\t<div class=\"elementor-widget-wrap elementor-element-populated\">\n\t\t\t\t\t\t\t\t<div class=\"elementor-element elementor-element-b085844 elementor-widget elementor-widget-heading\" data-id=\"b085844\" data-element_type=\"widget\" data-widget_type=\"heading.default\">\n\t\t\t\t<div class=\"elementor-widget-container\">\n\t\t\t<h2 class=\"elementor-heading-title elementor-size-default\">Filosof\u00eda Corporativa<\/h2>\t\t<\/div>\n\t\t\t\t<\/div>\n\t\t\t\t<div class=\"elementor-element elementor-element-2a7c342b elementor-widget elementor-widget-text-editor\" data-id=\"2a7c342b\" data-element_type=\"widget\" data-widget_type=\"text-editor.default\">\n\t\t\t\t<div class=\"elementor-widget-container\">\n\t\t\t<style>\/*! elementor - v3.17.0 - 08-11-2023 *\/\n.elementor-widget-text-editor.elementor-drop-cap-view-stacked .elementor-drop-cap{background-color:#69727d;color:#fff}.elementor-widget-text-editor.elementor-drop-cap-view-framed .elementor-drop-cap{color:#69727d;border:3px solid;background-color:transparent}.elementor-widget-text-editor:not(.elementor-drop-cap-view-default) .elementor-drop-cap{margin-top:8px}.elementor-widget-text-editor:not(.elementor-drop-cap-view-default) .elementor-drop-cap-letter{width:1em;height:1em}.elementor-widget-text-editor .elementor-drop-cap{float:left;text-align:center;line-height:1;font-size:50px}.elementor-widget-text-editor .elementor-drop-cap-letter{display:inline-block}<\/style>\t\t\t\t<p><strong><span>Misi\u00f3n<\/span><\/strong><\/p>\n<p style=\"text-align: justify;\">Somos un eficiente proveedor de servicios financieros en el mercado internacional orientado a satisfacer las necesidades de los clientes, apoyados en una moderna tecnolog\u00eda y en nuestro capital humano, conforme a los m\u00e1s altos principios \u00e9ticos.<\/p>\n<p style=\"text-align: justify;\"><span><strong>Visi\u00f3n<\/strong><\/span><\/p>\n<p style=\"text-align: justify;\">Ser la principal filial de Grupo Popular con presencia en el exterior, que ofrece soluciones financieras innovadoras que permitan satisfacer las necesidades de los clientes.&nbsp;<\/p>\n<p style=\"text-align: justify;\"><span><strong>Cultura Basada en Valores<\/strong><\/span><\/p>\n<p style=\"text-align: justify;\">Cultura Basada en Valores es el modelo permanente de administraci\u00f3n, que descansa en una actitud renovada de los principios que dieron origen a nuestra cultura organizacional. Tiene por finalidad impactar positivamente en las estrategias, los procesos y las personas. Desde nuestra fundaci\u00f3n en el a\u00f1o 1983 reconocimos siempre la importancia de crear una cultura basada en valores. Las decisiones estrat\u00e9gicas siempre han estado enmarcadas alrededor de valores para generar claridad, asegurar que todas las decisiones est\u00e9n tomadas usando los valores como base para guiar conductas y criterios.<\/p>\n<p><span><strong>Los cinco (5) valores institucionales pilares son:<\/strong><\/span><\/p>\n<p style=\"text-align: center;\"><span style=\"color: #000080;\"><strong>Integridad<\/strong><\/span><br><span style=\"color: #000080;\"><strong>Respeto<\/strong><\/span><br><span style=\"color: #000080;\"><strong>Innovaci\u00f3n<\/strong><\/span><br><span style=\"color: #000080;\"><strong>Trabajo en equipo<\/strong><\/span><br><span style=\"color: #000080;\"><strong>Satisfacci\u00f3n del Cliente<\/strong><\/span><\/p>\t\t\t\t\t\t<\/div>\n\t\t\t\t<\/div>\n\t\t\t\t\t<\/div>\n\t\t<\/div>\n\t\t\t\t\t\t\t<\/div>\n\t\t<\/section>\n\t\t\t\t<section class=\"elementor-section elementor-top-section elementor-element elementor-element-3d40390 elementor-section-boxed elementor-section-height-default elementor-section-height-default\" data-id=\"3d40390\" data-element_type=\"section\" data-settings=\"{&quot;background_background&quot;:&quot;classic&quot;}\">\n\t\t\t\t\t\t<div class=\"elementor-container elementor-column-gap-default\">\n\t\t\t\t\t<div class=\"elementor-column elementor-col-33 elementor-top-column elementor-element elementor-element-f3a903e\" data-id=\"f3a903e\" data-element_type=\"column\">\n\t\t\t<div class=\"elementor-widget-wrap elementor-element-populated\">\n\t\t\t\t\t\t\t\t<div class=\"elementor-element elementor-element-2294edd elementor-widget elementor-widget-text-editor\" data-id=\"2294edd\" data-element_type=\"widget\" data-widget_type=\"text-editor.default\">\n\t\t\t\t<div class=\"elementor-widget-container\">\n\t\t\t\t\t\t\t<p>Sobre Nosotros<\/p>\t\t\t\t\t\t<\/div>\n\t\t\t\t<\/div>\n\t\t\t\t<div class=\"elementor-element elementor-element-0b4c61b elementor-widget elementor-widget-text-editor\" data-id=\"0b4c61b\" data-element_type=\"widget\" data-widget_type=\"text-editor.default\">\n\t\t\t\t<div class=\"elementor-widget-container\">\n\t\t\t\t\t\t\t<p><strong>C\u00f3digo Swift:<\/strong> BPDOPAPA<\/p>\t\t\t\t\t\t<\/div>\n\t\t\t\t<\/div>\n\t\t\t\t<div class=\"elementor-element elementor-element-9437a37 elementor-widget elementor-widget-text-editor\" data-id=\"9437a37\" data-element_type=\"widget\" data-widget_type=\"text-editor.default\">\n\t\t\t\t<div class=\"elementor-widget-container\">\n\t\t\t\t\t\t\t<p><strong>Direcci\u00f3n<\/strong>:<br \/>Ave. Aquilino de la Guardia Cl. 47E<br \/>Torre Banco General Piso # 20<br \/>Apartado Postal 0816-00265<br \/>Panam\u00e1, Rep. de Panam\u00e1<\/p><p>Tel\u00e9fono: (507)297-4100 <br \/>Rep\u00fablica de Panam\u00e1<\/p><p><strong>E.Mail:<\/strong><br \/><a href=\"mailto:contactenos@popularbank.com.pa\">contactenos@popularbank.com.pa<\/a><span>\u00a0<\/span><\/p>\t\t\t\t\t\t<\/div>\n\t\t\t\t<\/div>\n\t\t\t\t<div class=\"elementor-element elementor-element-89c8302 elementor-widget elementor-widget-text-editor\" data-id=\"89c8302\" data-element_type=\"widget\" data-widget_type=\"text-editor.default\">\n\t\t\t\t<div class=\"elementor-widget-container\">\n\t\t\t\t\t\t\t<a href=\"https:\/\/www.superbancos.gob.pa\/\" target=\"_blank\" rel=\"noopener\"><img loading=\"lazy\" decoding=\"async\" src=\"https:\/\/www.popularbank.com.pa\/wp-content\/uploads\/2023\/06\/Pieza_graifica_lineal_Blanco_2.png\" alt=\"\" width=\"151\" height=\"150\" class=\"size-full wp-image-14151 aligncenter\" \/><\/a>\t\t\t\t\t\t<\/div>\n\t\t\t\t<\/div>\n\t\t\t\t\t<\/div>\n\t\t<\/div>\n\t\t\t\t<div class=\"elementor-column elementor-col-33 elementor-top-column elementor-element elementor-element-fbf7bfc\" data-id=\"fbf7bfc\" data-element_type=\"column\">\n\t\t\t<div class=\"elementor-widget-wrap elementor-element-populated\">\n\t\t\t\t\t\t\t\t<div class=\"elementor-element elementor-element-7a226e1 elementor-widget elementor-widget-text-editor\" data-id=\"7a226e1\" data-element_type=\"widget\" data-widget_type=\"text-editor.default\">\n\t\t\t\t<div class=\"elementor-widget-container\">\n\t\t\t\t\t\t\t<p>Popular Bank<\/p>\t\t\t\t\t\t<\/div>\n\t\t\t\t<\/div>\n\t\t\t\t<div class=\"elementor-element elementor-element-b2236c6 elementor-widget elementor-widget-text-editor\" data-id=\"b2236c6\" data-element_type=\"widget\" data-widget_type=\"text-editor.default\">\n\t\t\t\t<div class=\"elementor-widget-container\">\n\t\t\t\t\t\t\t<ul>\n \t<li><a href=\"?page_id=7569\">Publicaciones Institucionales<\/a><\/li>\n<\/ul>\t\t\t\t\t\t<\/div>\n\t\t\t\t<\/div>\n\t\t\t\t<div class=\"elementor-element elementor-element-91c8f8b elementor-widget elementor-widget-text-editor\" data-id=\"91c8f8b\" data-element_type=\"widget\" data-widget_type=\"text-editor.default\">\n\t\t\t\t<div class=\"elementor-widget-container\">\n\t\t\t\t\t\t\t<p>Entidades relacionadas<\/p><p><\/p>\t\t\t\t\t\t<\/div>\n\t\t\t\t<\/div>\n\t\t\t\t<div class=\"elementor-element elementor-element-4006b8c elementor-widget elementor-widget-text-editor\" data-id=\"4006b8c\" data-element_type=\"widget\" data-widget_type=\"text-editor.default\">\n\t\t\t\t<div class=\"elementor-widget-container\">\n\t\t\t\t\t\t\t<ul id=\"menu-footer-menu-entidades\" class=\"menu\" style=\"color: #ffffff;\">\n \t<li id=\"menu-item-7352\" class=\"menu-item menu-item-type-custom menu-item-object-custom menu-item-7352\"><a href=\"https:\/\/www.grupopopular.com\/\" style=\"transition-property: all;\" target=\"_blank\" rel=\"noopener\">Grupo Popular<\/a><\/li>\n \t<li id=\"menu-item-7341\" class=\"menu-item menu-item-type-custom menu-item-object-custom menu-item-7341\"><a href=\"https:\/\/www.popularenlinea.com\/pyme\/Paginas\/Home.aspx\" style=\"transition-property: all;\" target=\"_blank\" rel=\"noopener\">Banco Popular Dominicano, S.A.<\/a><\/li>\n \t<li id=\"menu-item-7342\" class=\"menu-item menu-item-type-custom menu-item-object-custom menu-item-7342\"><a href=\"https:\/\/afppopular.com.do\/\" style=\"transition-property: all;\" target=\"_blank\" rel=\"noopener\">AFP Popular, S.A.<\/a><\/li>\n \t<li id=\"menu-item-7343\" class=\"menu-item menu-item-type-custom menu-item-object-custom menu-item-7343\"><a href=\"https:\/\/inversionespopular.com.do\/\" style=\"transition-property: all;\" target=\"_blank\" rel=\"noopener\">Inversiones Popular, S.A.<\/a><\/li>\n \t<li id=\"menu-item-7351\" class=\"menu-item menu-item-type-custom menu-item-object-custom menu-item-7351\"><a href=\"http:\/\/www.afipopular.com.do\/\" style=\"transition-property: all;\" target=\"_blank\" rel=\"noopener\">AFI Popular<\/a><\/li>\n \t<li id=\"menu-item-7344\" class=\"menu-item menu-item-type-custom menu-item-object-custom menu-item-7344\"><a href=\"https:\/\/www.fiduciariapopular.do\/app\/do\/frontpage.aspx\" style=\"transition-property: all;\" target=\"_blank\" rel=\"noopener\">Fiduciaria Popular, S.A.<\/a><\/li>\n \t<li id=\"menu-item-7347\" class=\"menu-item menu-item-type-custom menu-item-object-custom menu-item-has-children menu-item-7347\"><a href=\"https:\/\/www.azul.com.do\/Pages\/es\/default.aspx\" style=\"transition-property: all;\" target=\"_blank\" rel=\"noopener\">Servicios Digitales Popular, S.A.<\/a>\n<ul class=\"sub-menu\">\n \t<li id=\"menu-item-7350\" class=\"menu-item menu-item-type-custom menu-item-object-custom menu-item-7350\"><a href=\"http:\/\/www.avance.com.do\/\" style=\"transition-property: all;\" target=\"_blank\" rel=\"noopener\">AVANCE<\/a><\/li>\n<\/ul>\n<\/li>\n \t<li id=\"menu-item-7346\" class=\"menu-item menu-item-type-custom menu-item-object-custom menu-item-7346\"><a href=\"https:\/\/qik.com.do\/\" target=\"_blank\" rel=\"noopener\">Qik Banco Digital Dominicano<\/a><\/li>\n \t<li><a href=\"https:\/\/grupopopular.com\/Filiales\/Pages\/Infocentro.aspx\" target=\"_blank\" rel=\"noopener\">Infocentro Popular, S.A.<\/a><\/li>\n \t<li id=\"menu-item-7348\" class=\"menu-item menu-item-type-custom menu-item-object-custom menu-item-7348\"><a href=\"https:\/\/abre.com.do\/\" style=\"transition-property: all;\" target=\"_blank\" rel=\"noopener\">ABRE \u2013 Gesti\u00f3n de Bienes<\/a><\/li>\n \t<li id=\"menu-item-7349\" class=\"menu-item menu-item-type-custom menu-item-object-custom menu-item-7349\"><a href=\"http:\/\/fundacionpopular.org\/\" style=\"transition-property: all;\" target=\"_blank\" rel=\"noopener\">Fundaci\u00f3n Popular<\/a><\/li>\n \t<li id=\"menu-item-7349\" class=\"menu-item menu-item-type-custom menu-item-object-custom menu-item-7349\"><a href=\"https:\/\/gcs-international.com\/\" style=\"transition-property: all;\" target=\"_blank\" rel=\"noopener\">GCS International<\/a><\/li>\n<\/ul>\t\t\t\t\t\t<\/div>\n\t\t\t\t<\/div>\n\t\t\t\t\t<\/div>\n\t\t<\/div>\n\t\t\t\t<div class=\"elementor-column elementor-col-33 elementor-top-column elementor-element elementor-element-e2bdbc6\" data-id=\"e2bdbc6\" data-element_type=\"column\">\n\t\t\t<div class=\"elementor-widget-wrap elementor-element-populated\">\n\t\t\t\t\t\t\t\t<div class=\"elementor-element elementor-element-92057a6 elementor-widget elementor-widget-text-editor\" data-id=\"92057a6\" data-element_type=\"widget\" data-widget_type=\"text-editor.default\">\n\t\t\t\t<div class=\"elementor-widget-container\">\n\t\t\t\t\t\t\t<p>Informaciones<\/p><p><\/p>\t\t\t\t\t\t<\/div>\n\t\t\t\t<\/div>\n\t\t\t\t<div class=\"elementor-element elementor-element-1d6b300 elementor-widget elementor-widget-text-editor\" data-id=\"1d6b300\" data-element_type=\"widget\" data-widget_type=\"text-editor.default\">\n\t\t\t\t<div class=\"elementor-widget-container\">\n\t\t\t\t\t\t\t<ul id=\"menu-footer-menu\" class=\"menu\"><li id=\"menu-item-5922\" class=\"menu-item menu-item-type-post_type menu-item-object-page menu-item-5922\"><a href=\"?page_id=5137\">Tarifario de Servicios<\/a><\/li><li id=\"menu-item-5930\" class=\"menu-item menu-item-type-post_type menu-item-object-page menu-item-5930\"><a href=\"?page_id=5154\">\u00a1Proteja sus datos!<\/a><\/li><li id=\"menu-item-5931\" class=\"menu-item menu-item-type-post_type menu-item-object-page menu-item-5931\"><a href=\"?page_id=5160\">D\u00edas de Fiesta Nacional en Panam\u00e1<\/a><\/li><li id=\"menu-item-5927\" class=\"menu-item menu-item-type-post_type menu-item-object-page menu-item-5927\"><a href=\"?page_id=5166\">FATCA<\/a><\/li><li><a href=\"?page_id=13297\">Common Reporting Standard<\/a><\/li><li><a href=\"?page_id=5171\">Tutoriales Banca Digital<\/a><\/li><li id=\"menu-item-7389\" class=\"menu-item menu-item-type-post_type menu-item-object-page menu-item-7389\"><a href=\"?page_id=5176\">Formularios<\/a><\/li><li id=\"menu-item-5925\" class=\"menu-item menu-item-type-post_type menu-item-object-page menu-item-5925\"><a href=\"?page_id=5185\">Gobierno Corporativo<\/a><\/li><li id=\"menu-item-5923\" class=\"menu-item menu-item-type-post_type menu-item-object-page menu-item-5923\"><a href=\"?page_id=4336\">Con\u00f3cenos<\/a><\/li><li id=\"menu-item-5971\" class=\"menu-item menu-item-type-post_type menu-item-object-page menu-item-5971\"><a href=\"?page_id=5965\">Preguntas Frecuentes<\/a><\/li><li id=\"menu-item-6883\" class=\"menu-item menu-item-type-post_type menu-item-object-page menu-item-6883\"><a href=\"?page_id=6095\">Reclamaciones<\/a><\/li><li id=\"menu-item-5971\" class=\"menu-item menu-item-type-post_type menu-item-object-page menu-item-5971\"><a href=\"https:\/\/www.popularbank.com.pa\/wp-content\/uploads\/2026\/02\/Contrato-de-Productos-y-Servicios-Bancarios-Persona-Natural.pdf\" target=\"_blank\" rel=\"noopener\">T\u00e9rminos y Condiciones de Productos y Servicios &#8211; Banca Personal<\/a><\/li><li id=\"menu-item-6883\" class=\"menu-item menu-item-type-post_type menu-item-object-page menu-item-6883\"><a href=\"https:\/\/www.popularbank.com.pa\/wp-content\/uploads\/2026\/02\/Contrato-de-Productos-y-Servicios-Bancarios-Persona-Juridica.pdf\" target=\"_blank\" rel=\"noopener\">T\u00e9rminos y Condiciones de Productos y Servicios &#8211; Banca Empresarial<\/a><\/li><\/ul>\t\t\t\t\t\t<\/div>\n\t\t\t\t<\/div>\n\t\t\t\t\t<\/div>\n\t\t<\/div>\n\t\t\t\t\t\t\t<\/div>\n\t\t<\/section>\n\t\t\t\t<section class=\"elementor-section elementor-top-section elementor-element elementor-element-31f2b02 elementor-section-boxed elementor-section-height-default elementor-section-height-default\" data-id=\"31f2b02\" data-element_type=\"section\" data-settings=\"{&quot;background_background&quot;:&quot;classic&quot;}\">\n\t\t\t\t\t\t<div class=\"elementor-container elementor-column-gap-default\">\n\t\t\t\t\t<div class=\"elementor-column elementor-col-100 elementor-top-column elementor-element elementor-element-3dcfbb6\" data-id=\"3dcfbb6\" data-element_type=\"column\">\n\t\t\t<div class=\"elementor-widget-wrap elementor-element-populated\">\n\t\t\t\t\t\t\t\t<div class=\"elementor-element elementor-element-349a9a7 elementor-widget elementor-widget-text-editor\" data-id=\"349a9a7\" data-element_type=\"widget\" data-widget_type=\"text-editor.default\">\n\t\t\t\t<div class=\"elementor-widget-container\">\n\t\t\t\t\t\t\t<p style=\"text-align: center;\"><a href=\"?page_id=8185\">Aviso legal y condiciones de uso<\/a> \u00a0 |\u00a0 \u00a0<a href=\"?page_id=5932\">Pol\u00edticas de Cookies<\/a>\u00a0 \u00a0|\u00a0 \u00a0<a href=\"?page_id=13531\">Aviso de Privacidad<\/a><\/p>\t\t\t\t\t\t<\/div>\n\t\t\t\t<\/div>\n\t\t\t\t\t<\/div>\n\t\t<\/div>\n\t\t\t\t\t\t\t<\/div>\n\t\t<\/section>\n\t\t\t\t<section class=\"elementor-section elementor-top-section elementor-element elementor-element-e45fde6 elementor-section-boxed elementor-section-height-default elementor-section-height-default\" data-id=\"e45fde6\" data-element_type=\"section\" data-settings=\"{&quot;background_background&quot;:&quot;classic&quot;}\">\n\t\t\t\t\t\t<div class=\"elementor-container elementor-column-gap-default\">\n\t\t\t\t\t<div class=\"elementor-column elementor-col-100 elementor-top-column elementor-element elementor-element-5915465\" data-id=\"5915465\" data-element_type=\"column\">\n\t\t\t<div class=\"elementor-widget-wrap elementor-element-populated\">\n\t\t\t\t\t\t\t\t<div class=\"elementor-element elementor-element-dd34df7 elementor-widget elementor-widget-heading\" data-id=\"dd34df7\" data-element_type=\"widget\" data-widget_type=\"heading.default\">\n\t\t\t\t<div class=\"elementor-widget-container\">\n\t\t\t<span class=\"elementor-heading-title elementor-size-default\">POPULAR BANK, LTD. PANAM\u00c1, REP\u00daBLICA DE PANAM\u00c1. | FILIAL DEL GRUPO POPULAR, S.A.<\/span>\t\t<\/div>\n\t\t\t\t<\/div>\n\t\t\t\t\t<\/div>\n\t\t<\/div>\n\t\t\t\t\t\t\t<\/div>\n\t\t<\/section>\n\t\t\t\t\t\t\t<\/div>\n\t\t","protected":false},"excerpt":{"rendered":"<p>CON\u00d3CENOS Filosof\u00eda Corporativa Misi\u00f3n Somos un eficiente proveedor de servicios financieros en el mercado internacional orientado a satisfacer las necesidades de los clientes, apoyados en una moderna tecnolog\u00eda y en nuestro capital humano, conforme a los m\u00e1s altos principios \u00e9ticos. Visi\u00f3n Ser la principal filial de Grupo Popular con presencia [&hellip;]<\/p>\n","protected":false},"author":1,"featured_media":0,"parent":0,"menu_order":0,"comment_status":"closed","ping_status":"closed","template":"page-templates\/template-pagebuilder-full-width.php","meta":{"footnotes":""},"class_list":["post-5053","page","type-page","status-publish","hentry"],"_links":{"self":[{"href":"https:\/\/www.popularbank.com.pa\/index.php?rest_route=\/wp\/v2\/pages\/5053","targetHints":{"allow":["GET"]}}],"collection":[{"href":"https:\/\/www.popularbank.com.pa\/index.php?rest_route=\/wp\/v2\/pages"}],"about":[{"href":"https:\/\/www.popularbank.com.pa\/index.php?rest_route=\/wp\/v2\/types\/page"}],"author":[{"embeddable":true,"href":"https:\/\/www.popularbank.com.pa\/index.php?rest_route=\/wp\/v2\/users\/1"}],"replies":[{"embeddable":true,"href":"https:\/\/www.popularbank.com.pa\/index.php?rest_route=%2Fwp%2Fv2%2Fcomments&post=5053"}],"version-history":[{"count":95,"href":"https:\/\/www.popularbank.com.pa\/index.php?rest_route=\/wp\/v2\/pages\/5053\/revisions"}],"predecessor-version":[{"id":19451,"href":"https:\/\/www.popularbank.com.pa\/index.php?rest_route=\/wp\/v2\/pages\/5053\/revisions\/19451"}],"wp:attachment":[{"href":"https:\/\/www.popularbank.com.pa\/index.php?rest_route=%2Fwp%2Fv2%2Fmedia&parent=5053"}],"curies":[{"name":"wp","href":"https:\/\/api.w.org\/{rel}","templated":true}]}}