{"id":16537,"date":"2024-08-07T20:38:52","date_gmt":"2024-08-07T20:38:52","guid":{"rendered":"https:\/\/www.popularbank.com.pa\/?page_id=16537"},"modified":"2026-02-04T19:44:21","modified_gmt":"2026-02-04T19:44:21","slug":"fideicomisos-productos-y-servicios-de-fideicomisos-2","status":"publish","type":"page","link":"https:\/\/www.popularbank.com.pa\/?page_id=16537","title":{"rendered":"Fideicomisos &#8211; Productos y servicios de Fideicomisos"},"content":{"rendered":"\t\t<div data-elementor-type=\"wp-page\" data-elementor-id=\"16537\" class=\"elementor elementor-16537\">\n\t\t\t\t\t\t\t\t\t<section class=\"elementor-section elementor-top-section elementor-element elementor-element-57a4e27 elementor-section-full_width elementor-section-height-min-height elementor-section-height-default elementor-section-items-middle\" data-id=\"57a4e27\" data-element_type=\"section\" data-settings=\"{&quot;background_background&quot;:&quot;classic&quot;}\">\n\t\t\t\t\t\t<div class=\"elementor-container elementor-column-gap-no\">\n\t\t\t\t\t<div class=\"elementor-column elementor-col-100 elementor-top-column elementor-element elementor-element-de24468\" data-id=\"de24468\" data-element_type=\"column\">\n\t\t\t<div class=\"elementor-widget-wrap elementor-element-populated\">\n\t\t\t\t\t\t\t\t<div class=\"elementor-element elementor-element-5c55dfa elementor-absolute elementor-widget elementor-widget-heading\" data-id=\"5c55dfa\" data-element_type=\"widget\" data-settings=\"{&quot;_position&quot;:&quot;absolute&quot;}\" data-widget_type=\"heading.default\">\n\t\t\t\t<div class=\"elementor-widget-container\">\n\t\t\t<style>\/*! elementor - v3.17.0 - 08-11-2023 *\/\n.elementor-heading-title{padding:0;margin:0;line-height:1}.elementor-widget-heading .elementor-heading-title[class*=elementor-size-]>a{color:inherit;font-size:inherit;line-height:inherit}.elementor-widget-heading .elementor-heading-title.elementor-size-small{font-size:15px}.elementor-widget-heading .elementor-heading-title.elementor-size-medium{font-size:19px}.elementor-widget-heading .elementor-heading-title.elementor-size-large{font-size:29px}.elementor-widget-heading .elementor-heading-title.elementor-size-xl{font-size:39px}.elementor-widget-heading .elementor-heading-title.elementor-size-xxl{font-size:59px}<\/style><h2 class=\"elementor-heading-title elementor-size-default\">FIDEICOMISOS<\/h2>\t\t<\/div>\n\t\t\t\t<\/div>\n\t\t\t\t\t<\/div>\n\t\t<\/div>\n\t\t\t\t\t\t\t<\/div>\n\t\t<\/section>\n\t\t\t\t<section class=\"elementor-section elementor-top-section elementor-element elementor-element-138e71b6 elementor-section-boxed elementor-section-height-default elementor-section-height-default\" data-id=\"138e71b6\" data-element_type=\"section\">\n\t\t\t\t\t\t<div class=\"elementor-container elementor-column-gap-default\">\n\t\t\t\t\t<div class=\"elementor-column elementor-col-100 elementor-top-column elementor-element elementor-element-4b1fd8b0\" data-id=\"4b1fd8b0\" data-element_type=\"column\">\n\t\t\t<div class=\"elementor-widget-wrap elementor-element-populated\">\n\t\t\t\t\t\t\t\t<div class=\"elementor-element elementor-element-b085844 elementor-widget elementor-widget-heading\" data-id=\"b085844\" data-element_type=\"widget\" data-widget_type=\"heading.default\">\n\t\t\t\t<div class=\"elementor-widget-container\">\n\t\t\t<h2 class=\"elementor-heading-title elementor-size-default\">Productos y servicios de fideicomisos<\/h2>\t\t<\/div>\n\t\t\t\t<\/div>\n\t\t\t\t<div class=\"elementor-element elementor-element-bc51ead elementor-widget elementor-widget-shortcode\" data-id=\"bc51ead\" data-element_type=\"widget\" data-widget_type=\"shortcode.default\">\n\t\t\t\t<div class=\"elementor-widget-container\">\n\t\t\t\t\t<div class=\"elementor-shortcode\"><style>#sp-ea-6038 .spcollapsing { height: 0; overflow: hidden; transition-property: height;transition-duration: 300ms;}#sp-ea-6038.sp-easy-accordion>.sp-ea-single {border: 1px solid #e2e2e2; }#sp-ea-6038.sp-easy-accordion>.sp-ea-single>.ea-header a {color: #0e307f;}#sp-ea-6038.sp-easy-accordion>.sp-ea-single>.sp-collapse>.ea-body {background: #fff; color: #444;}#sp-ea-6038.sp-easy-accordion>.sp-ea-single {background: #eee;}#sp-ea-6038.sp-easy-accordion>.sp-ea-single>.ea-header a .ea-expand-icon.fa { float: left; color: #444;font-size: 12px;}<\/style><div id=\"sp-ea-6038\" class=\"sp-ea-one sp-easy-accordion\" data-ex-icon=\"fa-minus\" data-col-icon=\"fa-plus\"  data-ea-active=\"ea-click\"  data-ea-mode=\"vertical\" data-preloader=\"\" data-scroll-active-item=\"\" data-offset-to-scroll=\"0\"><div class=\"ea-card  sp-ea-single\"><h3 class=\"ea-header\"><a class=\"collapsed\" data-sptoggle=\"spcollapse\" data-sptarget=#collapse60380 href=\"javascript:void(0)\"  aria-expanded=\"false\"><i class=\"ea-expand-icon fa fa-plus\"><\/i> Fideicomiso de Planificaci\u00f3n Sucesoral<\/a><\/h3><div class=\"sp-collapse spcollapse spcollapse\" id=\"collapse60380\" data-parent=#sp-ea-6038><div class=\"ea-body\"><p>El cliente (fideicomitente) transfiere parte o la totalidad de sus bienes con un fin determinado, especificado en el contrato de fideicomiso con el objetivo principal de preservar\u00a0 su patrimonio para el momento de su fallecimiento o incapacidad, y que estos bienes sean entregados a sus beneficiarios.<\/p>\n<p>El fideicomitente conserva el derecho de uso y goce de su patrimonio en vida y dispone de antemano reglas para el caso de su fallecimiento o incapacidad.<\/p>\n<\/div><\/div><\/div><div class=\"ea-card  sp-ea-single\"><h3 class=\"ea-header\"><a class=\"collapsed\" data-sptoggle=\"spcollapse\" data-sptarget=#collapse60381 href=\"javascript:void(0)\"  aria-expanded=\"false\"><i class=\"ea-expand-icon fa fa-plus\"><\/i> Fideicomiso Patrimonial o Testamentario<\/a><\/h3><div class=\"sp-collapse spcollapse spcollapse\" id=\"collapse60381\" data-parent=#sp-ea-6038><div class=\"ea-body\"><p>Esta modalidad se lleva a cabo en un testamento o en un documento incorporado por referencia en un testamento y tiene como finalidad transferir parte o la totalidad de sus bienes al fiduciario para que al momento del fallecimiento del testador (fideicomitente), los bienes puedan distribuirse a los beneficiarios.<\/p>\n<p>El fideicomitente conserva el derecho de uso y goce de su patrimonio en vida y dispone de antemano reglas para el caso de su fallecimiento o incapacidad.<\/p>\n<\/div><\/div><\/div><div class=\"ea-card  sp-ea-single\"><h3 class=\"ea-header\"><a class=\"collapsed\" data-sptoggle=\"spcollapse\" data-sptarget=#collapse60382 href=\"javascript:void(0)\"  aria-expanded=\"false\"><i class=\"ea-expand-icon fa fa-plus\"><\/i> Fideicomiso de Administraci\u00f3n y Pagos<\/a><\/h3><div class=\"sp-collapse spcollapse spcollapse\" id=\"collapse60382\" data-parent=#sp-ea-6038><div class=\"ea-body\"><p>Permite al fideicomitente la transferencia de bienes o derechos de distinta naturaleza al fiduciario, para que este ejerza la administraci\u00f3n de sus bienes de acuerdo a lo especificado en el contrato de fideicomiso.<\/p>\n<p>Puede involucrar diversas actividades innovadoras y flexibles para proteger y gestionar mejor sus activos, entre las cu\u00e1les estar\u00eda: recibir y custodiar los bienes, invertir \u00a0 los recursos l\u00edquidos, realizar compra de bienes y servicios a ser utilizados para el cumplimiento de los fines propuestos.<\/p>\n<\/div><\/div><\/div><div class=\"ea-card  sp-ea-single\"><h3 class=\"ea-header\"><a class=\"collapsed\" data-sptoggle=\"spcollapse\" data-sptarget=#collapse60383 href=\"javascript:void(0)\"  aria-expanded=\"false\"><i class=\"ea-expand-icon fa fa-plus\"><\/i> Fideicomiso de Inversi\u00f3n<\/a><\/h3><div class=\"sp-collapse spcollapse spcollapse\" id=\"collapse60383\" data-parent=#sp-ea-6038><div class=\"ea-body\"><p>El fideicomitente traslada al fiduciario t\u00edtulos valores o recursos l\u00edquidos a efectos de que constituya un portafolio de inversi\u00f3n, el cual ser\u00e1 administrado por el Fiduciario.<\/p>\n<\/div><\/div><\/div><div class=\"ea-card  sp-ea-single\"><h3 class=\"ea-header\"><a class=\"collapsed\" data-sptoggle=\"spcollapse\" data-sptarget=#collapse60384 href=\"javascript:void(0)\"  aria-expanded=\"false\"><i class=\"ea-expand-icon fa fa-plus\"><\/i> Fideicomiso de Garant\u00eda<\/a><\/h3><div class=\"sp-collapse spcollapse spcollapse\" id=\"collapse60384\" data-parent=#sp-ea-6038><div class=\"ea-body\"><p>Este tipo de fideicomiso tiene como finalidad la de garantizar obligaciones contra\u00eddas por un deudor (fideicomitente) frente a una instituci\u00f3n financiera, ofreciendo una modalidad diferente a los m\u00e9todos tradicionales como la hipoteca y la prenda.<\/p>\n<\/div><\/div><\/div><div class=\"ea-card  sp-ea-single\"><h3 class=\"ea-header\"><a class=\"collapsed\" data-sptoggle=\"spcollapse\" data-sptarget=#collapse60385 href=\"javascript:void(0)\"  aria-expanded=\"false\"><i class=\"ea-expand-icon fa fa-plus\"><\/i> Cuentas Escrow o en plica<\/a><\/h3><div class=\"sp-collapse spcollapse spcollapse\" id=\"collapse60385\" data-parent=#sp-ea-6038><div class=\"ea-body\"><p>En un dep\u00f3sito utilizado com\u00fanmente para garantizar la entrega de bienes transferidos o depositados, contra el cumplimiento de ciertas condiciones pactadas entre las partes intervinientes.<\/p>\n<\/div><\/div><\/div><\/div><\/div>\n\t\t\t\t<\/div>\n\t\t\t\t<\/div>\n\t\t\t\t<div class=\"elementor-element elementor-element-2a7c342b elementor-widget elementor-widget-text-editor\" data-id=\"2a7c342b\" data-element_type=\"widget\" data-widget_type=\"text-editor.default\">\n\t\t\t\t<div class=\"elementor-widget-container\">\n\t\t\t<style>\/*! elementor - v3.17.0 - 08-11-2023 *\/\n.elementor-widget-text-editor.elementor-drop-cap-view-stacked .elementor-drop-cap{background-color:#69727d;color:#fff}.elementor-widget-text-editor.elementor-drop-cap-view-framed .elementor-drop-cap{color:#69727d;border:3px solid;background-color:transparent}.elementor-widget-text-editor:not(.elementor-drop-cap-view-default) .elementor-drop-cap{margin-top:8px}.elementor-widget-text-editor:not(.elementor-drop-cap-view-default) .elementor-drop-cap-letter{width:1em;height:1em}.elementor-widget-text-editor .elementor-drop-cap{float:left;text-align:center;line-height:1;font-size:50px}.elementor-widget-text-editor .elementor-drop-cap-letter{display:inline-block}<\/style>\t\t\t\t<p><span>Para Solicitar m\u00e1s informaci\u00f3n <\/span><span>v\u00eda correo electr\u00f3nico\u00a0<\/span><a href=\"mailto: fideicomiso@POPULARBANK.COM.PA\">haga click aqu\u00ed<\/a><span>.<\/span><\/p>\t\t\t\t\t\t<\/div>\n\t\t\t\t<\/div>\n\t\t\t\t\t<\/div>\n\t\t<\/div>\n\t\t\t\t\t\t\t<\/div>\n\t\t<\/section>\n\t\t\t\t<section class=\"elementor-section elementor-top-section elementor-element elementor-element-af38a88 elementor-section-boxed elementor-section-height-default elementor-section-height-default\" data-id=\"af38a88\" data-element_type=\"section\" data-settings=\"{&quot;background_background&quot;:&quot;classic&quot;}\">\n\t\t\t\t\t\t<div class=\"elementor-container elementor-column-gap-default\">\n\t\t\t\t\t<div class=\"elementor-column elementor-col-33 elementor-top-column elementor-element elementor-element-641d0b4\" data-id=\"641d0b4\" data-element_type=\"column\">\n\t\t\t<div class=\"elementor-widget-wrap elementor-element-populated\">\n\t\t\t\t\t\t\t\t<div class=\"elementor-element elementor-element-709bf77 elementor-widget elementor-widget-text-editor\" data-id=\"709bf77\" data-element_type=\"widget\" data-widget_type=\"text-editor.default\">\n\t\t\t\t<div class=\"elementor-widget-container\">\n\t\t\t\t\t\t\t<p>Sobre Nosotros<\/p>\t\t\t\t\t\t<\/div>\n\t\t\t\t<\/div>\n\t\t\t\t<div class=\"elementor-element elementor-element-31084a4 elementor-widget elementor-widget-text-editor\" data-id=\"31084a4\" data-element_type=\"widget\" data-widget_type=\"text-editor.default\">\n\t\t\t\t<div class=\"elementor-widget-container\">\n\t\t\t\t\t\t\t<p><strong>C\u00f3digo Swift:<\/strong> BPDOPAPA<\/p>\t\t\t\t\t\t<\/div>\n\t\t\t\t<\/div>\n\t\t\t\t<div class=\"elementor-element elementor-element-acdca7d elementor-widget elementor-widget-text-editor\" data-id=\"acdca7d\" data-element_type=\"widget\" data-widget_type=\"text-editor.default\">\n\t\t\t\t<div class=\"elementor-widget-container\">\n\t\t\t\t\t\t\t<p><strong>Direcci\u00f3n<\/strong>:<br \/>Ave. Aquilino de la Guardia Cl. 47E<br \/>Torre Banco General Piso # 20<br \/>Apartado Postal 0816-00265<br \/>Panam\u00e1, Rep. de Panam\u00e1<\/p><p>Tel\u00e9fono: (507)297-4100 <br \/>Rep\u00fablica de Panam\u00e1<\/p><p><strong>E.Mail:<\/strong><br \/><a href=\"mailto:contactenos@popularbank.com.pa\">contactenos@popularbank.com.pa<\/a><span>\u00a0<\/span><\/p>\t\t\t\t\t\t<\/div>\n\t\t\t\t<\/div>\n\t\t\t\t<div class=\"elementor-element elementor-element-55b2259 elementor-widget elementor-widget-text-editor\" data-id=\"55b2259\" data-element_type=\"widget\" data-widget_type=\"text-editor.default\">\n\t\t\t\t<div class=\"elementor-widget-container\">\n\t\t\t\t\t\t\t<a href=\"https:\/\/www.superbancos.gob.pa\/\" target=\"_blank\" rel=\"noopener\"><img loading=\"lazy\" decoding=\"async\" src=\"https:\/\/www.popularbank.com.pa\/wp-content\/uploads\/2023\/06\/Pieza_graifica_lineal_Blanco_2.png\" alt=\"\" width=\"151\" height=\"150\" class=\"size-full wp-image-14151 aligncenter\" \/><\/a>\t\t\t\t\t\t<\/div>\n\t\t\t\t<\/div>\n\t\t\t\t\t<\/div>\n\t\t<\/div>\n\t\t\t\t<div class=\"elementor-column elementor-col-33 elementor-top-column elementor-element elementor-element-adff7ca\" data-id=\"adff7ca\" data-element_type=\"column\">\n\t\t\t<div class=\"elementor-widget-wrap elementor-element-populated\">\n\t\t\t\t\t\t\t\t<div class=\"elementor-element elementor-element-6812832 elementor-widget elementor-widget-text-editor\" data-id=\"6812832\" data-element_type=\"widget\" data-widget_type=\"text-editor.default\">\n\t\t\t\t<div class=\"elementor-widget-container\">\n\t\t\t\t\t\t\t<p>Popular Bank<\/p>\t\t\t\t\t\t<\/div>\n\t\t\t\t<\/div>\n\t\t\t\t<div class=\"elementor-element elementor-element-c569f00 elementor-widget elementor-widget-text-editor\" data-id=\"c569f00\" data-element_type=\"widget\" data-widget_type=\"text-editor.default\">\n\t\t\t\t<div class=\"elementor-widget-container\">\n\t\t\t\t\t\t\t<ul>\n \t<li><a href=\"?page_id=7569\">Publicaciones Institucionales<\/a><\/li>\n<\/ul>\t\t\t\t\t\t<\/div>\n\t\t\t\t<\/div>\n\t\t\t\t<div class=\"elementor-element elementor-element-6c42fb8 elementor-widget elementor-widget-text-editor\" data-id=\"6c42fb8\" data-element_type=\"widget\" data-widget_type=\"text-editor.default\">\n\t\t\t\t<div class=\"elementor-widget-container\">\n\t\t\t\t\t\t\t<p>Entidades relacionadas<\/p><p><\/p>\t\t\t\t\t\t<\/div>\n\t\t\t\t<\/div>\n\t\t\t\t<div class=\"elementor-element elementor-element-8accb04 elementor-widget elementor-widget-text-editor\" data-id=\"8accb04\" data-element_type=\"widget\" data-widget_type=\"text-editor.default\">\n\t\t\t\t<div class=\"elementor-widget-container\">\n\t\t\t\t\t\t\t<ul id=\"menu-footer-menu-entidades\" class=\"menu\" style=\"color: #ffffff;\">\n \t<li id=\"menu-item-7352\" class=\"menu-item menu-item-type-custom menu-item-object-custom menu-item-7352\"><a href=\"https:\/\/www.grupopopular.com\/\" style=\"transition-property: all;\" target=\"_blank\" rel=\"noopener\">Grupo Popular<\/a><\/li>\n \t<li id=\"menu-item-7341\" class=\"menu-item menu-item-type-custom menu-item-object-custom menu-item-7341\"><a href=\"https:\/\/www.popularenlinea.com\/pyme\/Paginas\/Home.aspx\" style=\"transition-property: all;\" target=\"_blank\" rel=\"noopener\">Banco Popular Dominicano, S.A.<\/a><\/li>\n \t<li id=\"menu-item-7342\" class=\"menu-item menu-item-type-custom menu-item-object-custom menu-item-7342\"><a href=\"https:\/\/afppopular.com.do\/\" style=\"transition-property: all;\" target=\"_blank\" rel=\"noopener\">AFP Popular, S.A.<\/a><\/li>\n \t<li id=\"menu-item-7343\" class=\"menu-item menu-item-type-custom menu-item-object-custom menu-item-7343\"><a href=\"https:\/\/inversionespopular.com.do\/\" style=\"transition-property: all;\" target=\"_blank\" rel=\"noopener\">Inversiones Popular, S.A.<\/a><\/li>\n \t<li id=\"menu-item-7351\" class=\"menu-item menu-item-type-custom menu-item-object-custom menu-item-7351\"><a href=\"http:\/\/www.afipopular.com.do\/\" style=\"transition-property: all;\" target=\"_blank\" rel=\"noopener\">AFI Popular<\/a><\/li>\n \t<li id=\"menu-item-7344\" class=\"menu-item menu-item-type-custom menu-item-object-custom menu-item-7344\"><a href=\"https:\/\/www.fiduciariapopular.do\/app\/do\/frontpage.aspx\" style=\"transition-property: all;\" target=\"_blank\" rel=\"noopener\">Fiduciaria Popular, S.A.<\/a><\/li>\n \t<li id=\"menu-item-7347\" class=\"menu-item menu-item-type-custom menu-item-object-custom menu-item-has-children menu-item-7347\"><a href=\"https:\/\/www.azul.com.do\/Pages\/es\/default.aspx\" style=\"transition-property: all;\" target=\"_blank\" rel=\"noopener\">Servicios Digitales Popular, S.A.<\/a>\n<ul class=\"sub-menu\">\n \t<li id=\"menu-item-7350\" class=\"menu-item menu-item-type-custom menu-item-object-custom menu-item-7350\"><a href=\"http:\/\/www.avance.com.do\/\" style=\"transition-property: all;\" target=\"_blank\" rel=\"noopener\">AVANCE<\/a><\/li>\n<\/ul>\n<\/li>\n \t<li id=\"menu-item-7346\" class=\"menu-item menu-item-type-custom menu-item-object-custom menu-item-7346\"><a href=\"https:\/\/qik.com.do\/\" target=\"_blank\" rel=\"noopener\">Qik Banco Digital Dominicano<\/a><\/li>\n \t<li><a href=\"https:\/\/grupopopular.com\/Filiales\/Pages\/Infocentro.aspx\" target=\"_blank\" rel=\"noopener\">Infocentro Popular, S.A.<\/a><\/li>\n \t<li id=\"menu-item-7348\" class=\"menu-item menu-item-type-custom menu-item-object-custom menu-item-7348\"><a href=\"https:\/\/abre.com.do\/\" style=\"transition-property: all;\" target=\"_blank\" rel=\"noopener\">ABRE \u2013 Gesti\u00f3n de Bienes<\/a><\/li>\n \t<li id=\"menu-item-7349\" class=\"menu-item menu-item-type-custom menu-item-object-custom menu-item-7349\"><a href=\"http:\/\/fundacionpopular.org\/\" style=\"transition-property: all;\" target=\"_blank\" rel=\"noopener\">Fundaci\u00f3n Popular<\/a><\/li>\n \t<li id=\"menu-item-7349\" class=\"menu-item menu-item-type-custom menu-item-object-custom menu-item-7349\"><a href=\"https:\/\/gcs-international.com\/\" style=\"transition-property: all;\" target=\"_blank\" rel=\"noopener\">GCS International<\/a><\/li>\n<\/ul>\t\t\t\t\t\t<\/div>\n\t\t\t\t<\/div>\n\t\t\t\t\t<\/div>\n\t\t<\/div>\n\t\t\t\t<div class=\"elementor-column elementor-col-33 elementor-top-column elementor-element elementor-element-021b37c\" data-id=\"021b37c\" data-element_type=\"column\">\n\t\t\t<div class=\"elementor-widget-wrap elementor-element-populated\">\n\t\t\t\t\t\t\t\t<div class=\"elementor-element elementor-element-a742bc5 elementor-widget elementor-widget-text-editor\" data-id=\"a742bc5\" data-element_type=\"widget\" data-widget_type=\"text-editor.default\">\n\t\t\t\t<div class=\"elementor-widget-container\">\n\t\t\t\t\t\t\t<p>Informaciones<\/p><p><\/p>\t\t\t\t\t\t<\/div>\n\t\t\t\t<\/div>\n\t\t\t\t<div class=\"elementor-element elementor-element-1ae1159 elementor-widget elementor-widget-text-editor\" data-id=\"1ae1159\" data-element_type=\"widget\" data-widget_type=\"text-editor.default\">\n\t\t\t\t<div class=\"elementor-widget-container\">\n\t\t\t\t\t\t\t<ul id=\"menu-footer-menu\" class=\"menu\"><li id=\"menu-item-5922\" class=\"menu-item menu-item-type-post_type menu-item-object-page menu-item-5922\"><a href=\"?page_id=5137\">Tarifario de Servicios<\/a><\/li><li id=\"menu-item-5930\" class=\"menu-item menu-item-type-post_type menu-item-object-page menu-item-5930\"><a href=\"?page_id=5154\">\u00a1Proteja sus datos!<\/a><\/li><li id=\"menu-item-5931\" class=\"menu-item menu-item-type-post_type menu-item-object-page menu-item-5931\"><a href=\"?page_id=5160\">D\u00edas de Fiesta Nacional en Panam\u00e1<\/a><\/li><li id=\"menu-item-5927\" class=\"menu-item menu-item-type-post_type menu-item-object-page menu-item-5927\"><a href=\"?page_id=5166\">FATCA<\/a><\/li><li><a href=\"?page_id=13297\">Common Reporting Standard<\/a><\/li><li><a href=\"?page_id=5171\">Tutoriales Banca Digital<\/a><\/li><li id=\"menu-item-7389\" class=\"menu-item menu-item-type-post_type menu-item-object-page menu-item-7389\"><a href=\"?page_id=5176\">Formularios<\/a><\/li><li id=\"menu-item-5925\" class=\"menu-item menu-item-type-post_type menu-item-object-page menu-item-5925\"><a href=\"?page_id=5185\">Gobierno Corporativo<\/a><\/li><li id=\"menu-item-5923\" class=\"menu-item menu-item-type-post_type menu-item-object-page menu-item-5923\"><a href=\"?page_id=4336\">Con\u00f3cenos<\/a><\/li><li id=\"menu-item-5971\" class=\"menu-item menu-item-type-post_type menu-item-object-page menu-item-5971\"><a href=\"?page_id=5965\">Preguntas Frecuentes<\/a><\/li><li id=\"menu-item-6883\" class=\"menu-item menu-item-type-post_type menu-item-object-page menu-item-6883\"><a href=\"?page_id=6095\">Reclamaciones<\/a><\/li><li id=\"menu-item-5971\" class=\"menu-item menu-item-type-post_type menu-item-object-page menu-item-5971\"><a href=\"https:\/\/www.popularbank.com.pa\/wp-content\/uploads\/2026\/02\/Contrato-de-Productos-y-Servicios-Bancarios-Persona-Natural.pdf\" target=\"_blank\" rel=\"noopener\">T\u00e9rminos y Condiciones de Productos y Servicios &#8211; Banca Personal<\/a><\/li><li id=\"menu-item-6883\" class=\"menu-item menu-item-type-post_type menu-item-object-page menu-item-6883\"><a href=\"https:\/\/www.popularbank.com.pa\/wp-content\/uploads\/2026\/02\/Contrato-de-Productos-y-Servicios-Bancarios-Persona-Juridica.pdf\" target=\"_blank\" rel=\"noopener\">T\u00e9rminos y Condiciones de Productos y Servicios &#8211; Banca Empresarial<\/a><\/li><\/ul>\t\t\t\t\t\t<\/div>\n\t\t\t\t<\/div>\n\t\t\t\t\t<\/div>\n\t\t<\/div>\n\t\t\t\t\t\t\t<\/div>\n\t\t<\/section>\n\t\t\t\t<section class=\"elementor-section elementor-top-section elementor-element elementor-element-21bc088 elementor-section-boxed elementor-section-height-default elementor-section-height-default\" data-id=\"21bc088\" data-element_type=\"section\" data-settings=\"{&quot;background_background&quot;:&quot;classic&quot;}\">\n\t\t\t\t\t\t<div class=\"elementor-container elementor-column-gap-default\">\n\t\t\t\t\t<div class=\"elementor-column elementor-col-100 elementor-top-column elementor-element elementor-element-71b47d9\" data-id=\"71b47d9\" data-element_type=\"column\">\n\t\t\t<div class=\"elementor-widget-wrap elementor-element-populated\">\n\t\t\t\t\t\t\t\t<div class=\"elementor-element elementor-element-035e4ea elementor-widget elementor-widget-text-editor\" data-id=\"035e4ea\" data-element_type=\"widget\" data-widget_type=\"text-editor.default\">\n\t\t\t\t<div class=\"elementor-widget-container\">\n\t\t\t\t\t\t\t<p style=\"text-align: center;\"><a href=\"?page_id=8185\">Aviso legal y condiciones de uso<\/a> \u00a0 |\u00a0 \u00a0<a href=\"?page_id=5932\">Pol\u00edticas de Cookies<\/a>\u00a0 \u00a0|\u00a0 \u00a0<a href=\"?page_id=13531\">Aviso de Privacidad<\/a><\/p>\t\t\t\t\t\t<\/div>\n\t\t\t\t<\/div>\n\t\t\t\t\t<\/div>\n\t\t<\/div>\n\t\t\t\t\t\t\t<\/div>\n\t\t<\/section>\n\t\t\t\t<section class=\"elementor-section elementor-top-section elementor-element elementor-element-e45fde6 elementor-section-boxed elementor-section-height-default elementor-section-height-default\" data-id=\"e45fde6\" data-element_type=\"section\" data-settings=\"{&quot;background_background&quot;:&quot;classic&quot;}\">\n\t\t\t\t\t\t<div class=\"elementor-container elementor-column-gap-default\">\n\t\t\t\t\t<div class=\"elementor-column elementor-col-100 elementor-top-column elementor-element elementor-element-5915465\" data-id=\"5915465\" data-element_type=\"column\">\n\t\t\t<div class=\"elementor-widget-wrap elementor-element-populated\">\n\t\t\t\t\t\t\t\t<div class=\"elementor-element elementor-element-dd34df7 elementor-widget elementor-widget-heading\" data-id=\"dd34df7\" data-element_type=\"widget\" data-widget_type=\"heading.default\">\n\t\t\t\t<div class=\"elementor-widget-container\">\n\t\t\t<span class=\"elementor-heading-title elementor-size-default\">POPULAR BANK, LTD. PANAM\u00c1, REP\u00daBLICA DE PANAM\u00c1. | FILIAL DEL GRUPO POPULAR, S.A.<\/span>\t\t<\/div>\n\t\t\t\t<\/div>\n\t\t\t\t\t<\/div>\n\t\t<\/div>\n\t\t\t\t\t\t\t<\/div>\n\t\t<\/section>\n\t\t\t\t\t\t\t<\/div>\n\t\t","protected":false},"excerpt":{"rendered":"<p>FIDEICOMISOS Productos y servicios de fideicomisos Para Solicitar m\u00e1s informaci\u00f3n v\u00eda correo electr\u00f3nico\u00a0haga click aqu\u00ed. Sobre Nosotros C\u00f3digo Swift: BPDOPAPA Direcci\u00f3n:Ave. Aquilino de la Guardia Cl. 47ETorre Banco General Piso # 20Apartado Postal 0816-00265Panam\u00e1, Rep. de Panam\u00e1 Tel\u00e9fono: (507)297-4100 Rep\u00fablica de Panam\u00e1 E.Mail:contactenos@popularbank.com.pa\u00a0 Popular Bank Publicaciones Institucionales Entidades relacionadas Grupo [&hellip;]<\/p>\n","protected":false},"author":1,"featured_media":0,"parent":0,"menu_order":0,"comment_status":"closed","ping_status":"closed","template":"page-templates\/template-pagebuilder-full-width.php","meta":{"footnotes":""},"class_list":["post-16537","page","type-page","status-publish","hentry"],"_links":{"self":[{"href":"https:\/\/www.popularbank.com.pa\/index.php?rest_route=\/wp\/v2\/pages\/16537","targetHints":{"allow":["GET"]}}],"collection":[{"href":"https:\/\/www.popularbank.com.pa\/index.php?rest_route=\/wp\/v2\/pages"}],"about":[{"href":"https:\/\/www.popularbank.com.pa\/index.php?rest_route=\/wp\/v2\/types\/page"}],"author":[{"embeddable":true,"href":"https:\/\/www.popularbank.com.pa\/index.php?rest_route=\/wp\/v2\/users\/1"}],"replies":[{"embeddable":true,"href":"https:\/\/www.popularbank.com.pa\/index.php?rest_route=%2Fwp%2Fv2%2Fcomments&post=16537"}],"version-history":[{"count":7,"href":"https:\/\/www.popularbank.com.pa\/index.php?rest_route=\/wp\/v2\/pages\/16537\/revisions"}],"predecessor-version":[{"id":19448,"href":"https:\/\/www.popularbank.com.pa\/index.php?rest_route=\/wp\/v2\/pages\/16537\/revisions\/19448"}],"wp:attachment":[{"href":"https:\/\/www.popularbank.com.pa\/index.php?rest_route=%2Fwp%2Fv2%2Fmedia&parent=16537"}],"curies":[{"name":"wp","href":"https:\/\/api.w.org\/{rel}","templated":true}]}}